{"id":7,"date":"2018-11-27T09:17:42","date_gmt":"2018-11-27T04:17:42","guid":{"rendered":"https:\/\/websitedemos.net\/discover-outdoors\/?page_id=7"},"modified":"2021-09-22T10:45:36","modified_gmt":"2021-09-22T05:45:36","slug":"entreprises","status":"publish","type":"page","link":"https:\/\/courtiersexcellence.com\/fr\/entreprises\/","title":{"rendered":"Entreprises"},"content":{"rendered":"\t\t<div data-elementor-type=\"wp-post\" data-elementor-id=\"7\" class=\"elementor elementor-7\">\n\t\t\t\t\t\t<div class=\"elementor-inner\">\n\t\t\t\t<div class=\"elementor-section-wrap\">\n\t\t\t\t\t\t\t\t\t<section class=\"elementor-section elementor-top-section elementor-element elementor-element-7ac9ca5 elementor-section-boxed elementor-section-height-default elementor-section-height-default\" data-id=\"7ac9ca5\" data-element_type=\"section\" data-settings=\"{&quot;background_background&quot;:&quot;classic&quot;}\">\n\t\t\t\t\t\t\t<div class=\"elementor-background-overlay\"><\/div>\n\t\t\t\t\t\t\t<div class=\"elementor-container elementor-column-gap-default\">\n\t\t\t\t\t\t\t<div class=\"elementor-row\">\n\t\t\t\t\t<div class=\"elementor-column elementor-col-33 elementor-top-column elementor-element elementor-element-fc40e94\" data-id=\"fc40e94\" data-element_type=\"column\">\n\t\t\t<div class=\"elementor-column-wrap\">\n\t\t\t\t\t\t\t<div class=\"elementor-widget-wrap\">\n\t\t\t\t\t\t\t\t<\/div>\n\t\t\t\t\t<\/div>\n\t\t<\/div>\n\t\t\t\t<div class=\"elementor-column elementor-col-33 elementor-top-column elementor-element elementor-element-90988fe\" data-id=\"90988fe\" data-element_type=\"column\">\n\t\t\t<div class=\"elementor-column-wrap elementor-element-populated\">\n\t\t\t\t\t\t\t<div class=\"elementor-widget-wrap\">\n\t\t\t\t\t\t<div class=\"elementor-element elementor-element-11e7ef0 elementor-view-default elementor-vertical-align-top elementor-widget elementor-widget-icon-box\" data-id=\"11e7ef0\" data-element_type=\"widget\" data-widget_type=\"icon-box.default\">\n\t\t\t\t<div class=\"elementor-widget-container\">\n\t\t\t\t\t<div class=\"elementor-icon-box-wrapper\">\n\t\t\t\t\t\t<div class=\"elementor-icon-box-content\">\n\t\t\t\t<h1 class=\"elementor-icon-box-title\">\n\t\t\t\t\t<span  >\n\t\t\t\t\t\tAffaires\t\t\t\t\t<\/span>\n\t\t\t\t<\/h1>\n\t\t\t\t\t\t\t<\/div>\n\t\t<\/div>\n\t\t\t\t<\/div>\n\t\t\t\t<\/div>\n\t\t\t\t\t\t<\/div>\n\t\t\t\t\t<\/div>\n\t\t<\/div>\n\t\t\t\t<div class=\"elementor-column elementor-col-33 elementor-top-column elementor-element elementor-element-919f5c1\" data-id=\"919f5c1\" data-element_type=\"column\">\n\t\t\t<div class=\"elementor-column-wrap\">\n\t\t\t\t\t\t\t<div class=\"elementor-widget-wrap\">\n\t\t\t\t\t\t\t\t<\/div>\n\t\t\t\t\t<\/div>\n\t\t<\/div>\n\t\t\t\t\t\t\t\t<\/div>\n\t\t\t\t\t<\/div>\n\t\t<\/section>\n\t\t\t\t<section class=\"elementor-section elementor-top-section elementor-element elementor-element-48d4f12 elementor-section-boxed elementor-section-height-default elementor-section-height-default\" data-id=\"48d4f12\" data-element_type=\"section\">\n\t\t\t\t\t\t<div class=\"elementor-container elementor-column-gap-default\">\n\t\t\t\t\t\t\t<div class=\"elementor-row\">\n\t\t\t\t\t<div class=\"elementor-column elementor-col-100 elementor-top-column elementor-element elementor-element-7d4f909\" data-id=\"7d4f909\" data-element_type=\"column\">\n\t\t\t<div class=\"elementor-column-wrap elementor-element-populated\">\n\t\t\t\t\t\t\t<div class=\"elementor-widget-wrap\">\n\t\t\t\t\t\t<div class=\"elementor-element elementor-element-831adb6 elementor-widget elementor-widget-heading\" data-id=\"831adb6\" data-element_type=\"widget\" data-widget_type=\"heading.default\">\n\t\t\t\t<div class=\"elementor-widget-container\">\n\t\t\t<h2 class=\"elementor-heading-title elementor-size-xl\">POUR LES INVESTISSEURS COMMERCIAUX ET IMMOBILIERS<\/h2>\t\t<\/div>\n\t\t\t\t<\/div>\n\t\t\t\t<div class=\"elementor-element elementor-element-708a271 elementor-widget elementor-widget-text-editor\" data-id=\"708a271\" data-element_type=\"widget\" data-widget_type=\"text-editor.default\">\n\t\t\t\t<div class=\"elementor-widget-container\">\n\t\t\t\t\t\t\t\t<div class=\"elementor-text-editor elementor-clearfix\">\n\t\t\t\t<p style=\"text-align: left;\">Il y a trois raisons simples d&rsquo;acheter une entreprise ou d&rsquo;investir dans l&rsquo;immobilier :<\/p><p>1) Rembourser le pr\u00eat commercial ou l&rsquo;hypoth\u00e8que<\/p><p>2) Faire un profit ou un salaire<\/p><p>3) Avoir un ROI comp\u00e9titif<\/p><p>L&rsquo;investissement immobilier est une entreprise, vous avez donc naturellement besoin d&rsquo;un plan d&rsquo;affaires d&rsquo;investissement immobilier. Prenez le temps de d\u00e9cider du capital dont vous disposez pour commencer et du temps que vous \u00eates pr\u00eat \u00e0 investir. Ces d\u00e9cisions prises t\u00f4t vous aideront \u00e0 d\u00e9cider des types de transactions dans lesquelles vous souhaitez vous impliquer.<\/p><p>Courtiers Excellence est votre partenaire pour vous aider \u00e0 \u00e9valuer et \u00e0 planifier le d\u00e9marrage, l&rsquo;acquisition ou l&rsquo;investissement immobilier \u00e0 revenus de votre entreprise.<\/p>\t\t\t\t\t<\/div>\n\t\t\t\t\t\t<\/div>\n\t\t\t\t<\/div>\n\t\t\t\t\t\t<\/div>\n\t\t\t\t\t<\/div>\n\t\t<\/div>\n\t\t\t\t\t\t\t\t<\/div>\n\t\t\t\t\t<\/div>\n\t\t<\/section>\n\t\t\t\t<section class=\"elementor-section elementor-top-section elementor-element elementor-element-2e17d8c6 elementor-section-content-middle elementor-section-boxed elementor-section-height-default elementor-section-height-default\" data-id=\"2e17d8c6\" data-element_type=\"section\">\n\t\t\t\t\t\t<div class=\"elementor-container elementor-column-gap-no\">\n\t\t\t\t\t\t\t<div class=\"elementor-row\">\n\t\t\t\t\t<div class=\"elementor-column elementor-col-100 elementor-top-column elementor-element elementor-element-174b3a76\" data-id=\"174b3a76\" data-element_type=\"column\">\n\t\t\t<div class=\"elementor-column-wrap elementor-element-populated\">\n\t\t\t\t\t\t\t<div class=\"elementor-widget-wrap\">\n\t\t\t\t\t\t<div class=\"elementor-element elementor-element-73d151bd elementor-widget elementor-widget-heading\" data-id=\"73d151bd\" data-element_type=\"widget\" data-widget_type=\"heading.default\">\n\t\t\t\t<div class=\"elementor-widget-container\">\n\t\t\t<h4 class=\"elementor-heading-title elementor-size-default\">Nous proposons diff\u00e9rents mod\u00e8les \u00e9conomiques<\/h4>\t\t<\/div>\n\t\t\t\t<\/div>\n\t\t\t\t<div class=\"elementor-element elementor-element-60dd4262 elementor-widget elementor-widget-text-editor\" data-id=\"60dd4262\" data-element_type=\"widget\" data-widget_type=\"text-editor.default\">\n\t\t\t\t<div class=\"elementor-widget-container\">\n\t\t\t\t\t\t\t\t<div class=\"elementor-text-editor elementor-clearfix\">\n\t\t\t\t<h2 style=\"text-align: left;\">Qu&rsquo;est-ce qu&rsquo;un mod\u00e8le \u00e9conomique ?<\/h2><p style=\"text-align: left;\">Fondamentalement, votre mod\u00e8le d&rsquo;entreprise est une description de la fa\u00e7on dont votre entreprise gagne de l&rsquo;argent. C&rsquo;est une explication de la fa\u00e7on dont vous offrez de la valeur \u00e0 vos clients \u00e0 un co\u00fbt appropri\u00e9.<\/p><p style=\"text-align: left;\">Selon Joan Magretta dans \u00ab Why Business Models Matter \u00bb, le terme business model est devenu largement utilis\u00e9 avec l&rsquo;av\u00e8nement de l&rsquo;ordinateur personnel et du tableur.\u00a0<\/p><p style=\"text-align: left;\">Ces outils permettent aux entrepreneurs d&rsquo;exp\u00e9rimenter, de tester et de mod\u00e9liser diff\u00e9rentes mani\u00e8res de structurer leurs co\u00fbts et leurs flux de revenus. Les feuilles de calcul permettent aux entrepreneurs d&rsquo;apporter des modifications rapides et hypoth\u00e9tiques \u00e0 leur mod\u00e8le d&rsquo;entreprise et de voir imm\u00e9diatement comment le changement pourrait avoir un impact sur leur entreprise maintenant et \u00e0 l&rsquo;avenir.<\/p><p style=\"text-align: left;\">Dans leurs formes les plus simples, les mod\u00e8les \u00e9conomiques peuvent \u00eatre divis\u00e9s en trois parties :<\/p>\t\t\t\t\t<\/div>\n\t\t\t\t\t\t<\/div>\n\t\t\t\t<\/div>\n\t\t\t\t<section class=\"elementor-section elementor-inner-section elementor-element elementor-element-1ca39d68 elementor-section-content-middle elementor-section-boxed elementor-section-height-default elementor-section-height-default\" data-id=\"1ca39d68\" data-element_type=\"section\">\n\t\t\t\t\t\t<div class=\"elementor-container elementor-column-gap-no\">\n\t\t\t\t\t\t\t<div class=\"elementor-row\">\n\t\t\t\t\t<div class=\"elementor-column elementor-col-33 elementor-inner-column elementor-element elementor-element-43abe1b9\" data-id=\"43abe1b9\" data-element_type=\"column\">\n\t\t\t<div class=\"elementor-column-wrap elementor-element-populated\">\n\t\t\t\t\t\t\t<div class=\"elementor-widget-wrap\">\n\t\t\t\t\t\t<div class=\"elementor-element elementor-element-27c7217a elementor-widget elementor-widget-heading\" data-id=\"27c7217a\" data-element_type=\"widget\" data-widget_type=\"heading.default\">\n\t\t\t\t<div class=\"elementor-widget-container\">\n\t\t\t<h3 class=\"elementor-heading-title elementor-size-default\">MOD\u00c8LE 1<\/h3>\t\t<\/div>\n\t\t\t\t<\/div>\n\t\t\t\t<div class=\"elementor-element elementor-element-3959bc1b elementor-widget elementor-widget-text-editor\" data-id=\"3959bc1b\" data-element_type=\"widget\" data-widget_type=\"text-editor.default\">\n\t\t\t\t<div class=\"elementor-widget-container\">\n\t\t\t\t\t\t\t\t<div class=\"elementor-text-editor elementor-clearfix\">\n\t\t\t\t<h6 style=\"text-align: center;\">Tout ce qu&rsquo;il faut pour faire quelque chose : la conception, les mati\u00e8res premi\u00e8res, la fabrication, la main-d&rsquo;\u0153uvre, etc.<\/h6>\t\t\t\t\t<\/div>\n\t\t\t\t\t\t<\/div>\n\t\t\t\t<\/div>\n\t\t\t\t\t\t<\/div>\n\t\t\t\t\t<\/div>\n\t\t<\/div>\n\t\t\t\t<div class=\"elementor-column elementor-col-33 elementor-inner-column elementor-element elementor-element-34b86d13\" data-id=\"34b86d13\" data-element_type=\"column\">\n\t\t\t<div class=\"elementor-column-wrap elementor-element-populated\">\n\t\t\t\t\t\t\t<div class=\"elementor-widget-wrap\">\n\t\t\t\t\t\t<div class=\"elementor-element elementor-element-2f47a33a elementor-widget elementor-widget-heading\" data-id=\"2f47a33a\" data-element_type=\"widget\" data-widget_type=\"heading.default\">\n\t\t\t\t<div class=\"elementor-widget-container\">\n\t\t\t<h3 class=\"elementor-heading-title elementor-size-default\">MOD\u00c8LE 2<\/h3>\t\t<\/div>\n\t\t\t\t<\/div>\n\t\t\t\t<div class=\"elementor-element elementor-element-7a4adb97 elementor-widget elementor-widget-text-editor\" data-id=\"7a4adb97\" data-element_type=\"widget\" data-widget_type=\"text-editor.default\">\n\t\t\t\t<div class=\"elementor-widget-container\">\n\t\t\t\t\t\t\t\t<div class=\"elementor-text-editor elementor-clearfix\">\n\t\t\t\t<h6>Tout ce qu&rsquo;il faut pour vendre cette chose : marketing, distribution, prestation d&rsquo;un service et traitement de la vente.<\/h6>\t\t\t\t\t<\/div>\n\t\t\t\t\t\t<\/div>\n\t\t\t\t<\/div>\n\t\t\t\t\t\t<\/div>\n\t\t\t\t\t<\/div>\n\t\t<\/div>\n\t\t\t\t<div class=\"elementor-column elementor-col-33 elementor-inner-column elementor-element elementor-element-41727e51\" data-id=\"41727e51\" data-element_type=\"column\">\n\t\t\t<div class=\"elementor-column-wrap elementor-element-populated\">\n\t\t\t\t\t\t\t<div class=\"elementor-widget-wrap\">\n\t\t\t\t\t\t<div class=\"elementor-element elementor-element-12367523 elementor-widget elementor-widget-heading\" data-id=\"12367523\" data-element_type=\"widget\" data-widget_type=\"heading.default\">\n\t\t\t\t<div class=\"elementor-widget-container\">\n\t\t\t<h3 class=\"elementor-heading-title elementor-size-default\">MOD\u00c8LE 3<\/h3>\t\t<\/div>\n\t\t\t\t<\/div>\n\t\t\t\t<div class=\"elementor-element elementor-element-6c1b2b5b elementor-widget elementor-widget-text-editor\" data-id=\"6c1b2b5b\" data-element_type=\"widget\" data-widget_type=\"text-editor.default\">\n\t\t\t\t<div class=\"elementor-widget-container\">\n\t\t\t\t\t\t\t\t<div class=\"elementor-text-editor elementor-clearfix\">\n\t\t\t\t<h6>Comment et ce que le client paie : strat\u00e9gie de tarification, modes de paiement, calendrier de paiement, etc.<\/h6>\t\t\t\t\t<\/div>\n\t\t\t\t\t\t<\/div>\n\t\t\t\t<\/div>\n\t\t\t\t\t\t<\/div>\n\t\t\t\t\t<\/div>\n\t\t<\/div>\n\t\t\t\t\t\t\t\t<\/div>\n\t\t\t\t\t<\/div>\n\t\t<\/section>\n\t\t\t\t\t\t<\/div>\n\t\t\t\t\t<\/div>\n\t\t<\/div>\n\t\t\t\t\t\t\t\t<\/div>\n\t\t\t\t\t<\/div>\n\t\t<\/section>\n\t\t\t\t<section class=\"elementor-section elementor-top-section elementor-element elementor-element-628d7b0 elementor-section-boxed elementor-section-height-default elementor-section-height-default\" data-id=\"628d7b0\" data-element_type=\"section\">\n\t\t\t\t\t\t<div class=\"elementor-container elementor-column-gap-default\">\n\t\t\t\t\t\t\t<div class=\"elementor-row\">\n\t\t\t\t\t<div class=\"elementor-column elementor-col-100 elementor-top-column elementor-element elementor-element-10a011c\" data-id=\"10a011c\" data-element_type=\"column\">\n\t\t\t<div class=\"elementor-column-wrap elementor-element-populated\">\n\t\t\t\t\t\t\t<div class=\"elementor-widget-wrap\">\n\t\t\t\t\t\t<div class=\"elementor-element elementor-element-9cfdcfd elementor-widget elementor-widget-text-editor\" data-id=\"9cfdcfd\" data-element_type=\"widget\" data-widget_type=\"text-editor.default\">\n\t\t\t\t<div class=\"elementor-widget-container\">\n\t\t\t\t\t\t\t\t<div class=\"elementor-text-editor elementor-clearfix\">\n\t\t\t\t<p>Comme vous pouvez le voir, un mod\u00e8le commercial est simplement une exploration des co\u00fbts et d\u00e9penses que vous avez et combien vous pouvez facturer pour votre produit ou service.<\/p><p>Un mod\u00e8le commercial r\u00e9ussi doit simplement collecter plus d&rsquo;argent aupr\u00e8s des clients qu&rsquo;il n&rsquo;en co\u00fbte pour fabriquer le produit. C&rsquo;est votre profit, c&rsquo;est aussi simple que cela.<\/p><p>De nouveaux mod\u00e8les commerciaux peuvent affiner et am\u00e9liorer n&rsquo;importe lequel de ces trois composants. Peut-\u00eatre que vous pouvez r\u00e9duire les co\u00fbts lors de la conception et de la fabrication. Ou peut-\u00eatre pouvez-vous trouver des m\u00e9thodes de marketing et de vente plus efficaces. Ou peut-\u00eatre pouvez-vous trouver un moyen innovant pour les clients de payer.<\/p><p>Gardez \u00e0 l&rsquo;esprit, cependant, que vous n&rsquo;avez pas besoin de proposer un nouveau mod\u00e8le commercial pour avoir une strat\u00e9gie efficace. Au lieu de cela, vous pouvez prendre un mod\u00e8le commercial existant et le proposer \u00e0 diff\u00e9rents clients. Par exemple, les restaurants fonctionnent principalement sur un mod\u00e8le commercial standard mais concentrent leur strat\u00e9gie en ciblant diff\u00e9rents types de clients.<\/p>\t\t\t\t\t<\/div>\n\t\t\t\t\t\t<\/div>\n\t\t\t\t<\/div>\n\t\t\t\t\t\t<\/div>\n\t\t\t\t\t<\/div>\n\t\t<\/div>\n\t\t\t\t\t\t\t\t<\/div>\n\t\t\t\t\t<\/div>\n\t\t<\/section>\n\t\t\t\t<section class=\"elementor-section elementor-top-section elementor-element elementor-element-67b0263 elementor-section-boxed elementor-section-height-default elementor-section-height-default\" data-id=\"67b0263\" data-element_type=\"section\">\n\t\t\t\t\t\t<div class=\"elementor-container elementor-column-gap-default\">\n\t\t\t\t\t\t\t<div class=\"elementor-row\">\n\t\t\t\t\t<div class=\"elementor-column elementor-col-100 elementor-top-column elementor-element elementor-element-78e860e\" data-id=\"78e860e\" data-element_type=\"column\">\n\t\t\t<div class=\"elementor-column-wrap elementor-element-populated\">\n\t\t\t\t\t\t\t<div class=\"elementor-widget-wrap\">\n\t\t\t\t\t\t<div class=\"elementor-element elementor-element-745e04d elementor-widget elementor-widget-button\" data-id=\"745e04d\" data-element_type=\"widget\" data-widget_type=\"button.default\">\n\t\t\t\t<div class=\"elementor-widget-container\">\n\t\t\t\t\t<div class=\"elementor-button-wrapper\">\n\t\t\t<a href=\"https:\/\/courtiersexcellence.com\/fr\/options-dinvestissement\/\" class=\"elementor-button-link elementor-button elementor-size-sm\" role=\"button\">\n\t\t\t\t\t\t<span class=\"elementor-button-content-wrapper\">\n\t\t\t\t\t\t<span class=\"elementor-button-text\">plus d'informations sur les options d'investissement<\/span>\n\t\t<\/span>\n\t\t\t\t\t<\/a>\n\t\t<\/div>\n\t\t\t\t<\/div>\n\t\t\t\t<\/div>\n\t\t\t\t\t\t<\/div>\n\t\t\t\t\t<\/div>\n\t\t<\/div>\n\t\t\t\t\t\t\t\t<\/div>\n\t\t\t\t\t<\/div>\n\t\t<\/section>\n\t\t\t\t\t\t\t\t\t<\/div>\n\t\t\t<\/div>\n\t\t\t\t\t<\/div>\n\t\t","protected":false},"excerpt":{"rendered":"<p>Affaires POUR LES INVESTISSEURS COMMERCIAUX ET IMMOBILIERS Il y a trois raisons simples d&rsquo;acheter une entreprise ou d&rsquo;investir dans l&rsquo;immobilier : 1) Rembourser le pr\u00eat commercial ou l&rsquo;hypoth\u00e8que 2) Faire un profit ou un salaire 3) Avoir un ROI comp\u00e9titif L&rsquo;investissement immobilier est une entreprise, vous avez donc naturellement besoin d&rsquo;un plan d&rsquo;affaires d&rsquo;investissement immobilier. &hellip;<\/p>\n<p class=\"read-more\"> <a class=\"\" href=\"https:\/\/courtiersexcellence.com\/fr\/entreprises\/\"> <span class=\"screen-reader-text\">Entreprises<\/span> Lire la suite\u00a0\u00bb<\/a><\/p>\n","protected":false},"author":1,"featured_media":0,"parent":0,"menu_order":0,"comment_status":"closed","ping_status":"closed","template":"","meta":{"content-type":"","site-sidebar-layout":"no-sidebar","site-content-layout":"page-builder","ast-global-header-display":"","ast-main-header-display":"","ast-hfb-above-header-display":"","ast-hfb-below-header-display":"","ast-hfb-mobile-header-display":"","site-post-title":"disabled","ast-breadcrumbs-content":"","ast-featured-img":"disabled","footer-sml-layout":"","theme-transparent-header-meta":"enabled","adv-header-id-meta":"","stick-header-meta":"","header-above-stick-meta":"","header-main-stick-meta":"","header-below-stick-meta":"","footnotes":""},"class_list":["post-7","page","type-page","status-publish","hentry"],"uagb_featured_image_src":{"full":false,"thumbnail":false,"medium":false,"medium_large":false,"large":false,"1536x1536":false,"2048x2048":false,"trp-custom-language-flag":false},"uagb_author_info":{"display_name":"admin","author_link":"https:\/\/courtiersexcellence.com\/fr\/author\/admin\/"},"uagb_comment_info":0,"uagb_excerpt":"Affaires POUR LES INVESTISSEURS COMMERCIAUX ET IMMOBILIERS Il y a trois raisons simples d&rsquo;acheter une entreprise ou d&rsquo;investir dans l&rsquo;immobilier : 1) Rembourser le pr\u00eat commercial ou l&rsquo;hypoth\u00e8que 2) Faire un profit ou un salaire 3) Avoir un ROI comp\u00e9titif L&rsquo;investissement immobilier est une entreprise, vous avez donc naturellement besoin d&rsquo;un plan d&rsquo;affaires d&rsquo;investissement immobilier.\u2026","_links":{"self":[{"href":"https:\/\/courtiersexcellence.com\/fr\/wp-json\/wp\/v2\/pages\/7","targetHints":{"allow":["GET"]}}],"collection":[{"href":"https:\/\/courtiersexcellence.com\/fr\/wp-json\/wp\/v2\/pages"}],"about":[{"href":"https:\/\/courtiersexcellence.com\/fr\/wp-json\/wp\/v2\/types\/page"}],"author":[{"embeddable":true,"href":"https:\/\/courtiersexcellence.com\/fr\/wp-json\/wp\/v2\/users\/1"}],"replies":[{"embeddable":true,"href":"https:\/\/courtiersexcellence.com\/fr\/wp-json\/wp\/v2\/comments?post=7"}],"version-history":[{"count":27,"href":"https:\/\/courtiersexcellence.com\/fr\/wp-json\/wp\/v2\/pages\/7\/revisions"}],"predecessor-version":[{"id":972,"href":"https:\/\/courtiersexcellence.com\/fr\/wp-json\/wp\/v2\/pages\/7\/revisions\/972"}],"wp:attachment":[{"href":"https:\/\/courtiersexcellence.com\/fr\/wp-json\/wp\/v2\/media?parent=7"}],"curies":[{"name":"wp","href":"https:\/\/api.w.org\/{rel}","templated":true}]}}