{"id":6,"date":"2018-11-27T09:17:28","date_gmt":"2018-11-27T09:17:28","guid":{"rendered":"https:\/\/websitedemos.net\/discover-outdoors\/?page_id=6"},"modified":"2022-04-28T12:12:54","modified_gmt":"2022-04-28T07:12:54","slug":"immobilier","status":"publish","type":"page","link":"https:\/\/courtiersexcellence.com\/fr\/immobilier\/","title":{"rendered":"Immobilier"},"content":{"rendered":"\t\t<div data-elementor-type=\"wp-post\" data-elementor-id=\"6\" class=\"elementor elementor-6\">\n\t\t\t\t\t\t<div class=\"elementor-inner\">\n\t\t\t\t<div class=\"elementor-section-wrap\">\n\t\t\t\t\t\t\t\t\t<section class=\"elementor-section elementor-top-section elementor-element elementor-element-33a79095 elementor-section-boxed elementor-section-height-default elementor-section-height-default\" data-id=\"33a79095\" data-element_type=\"section\" data-settings=\"{&quot;background_background&quot;:&quot;classic&quot;}\">\n\t\t\t\t\t\t\t<div class=\"elementor-background-overlay\"><\/div>\n\t\t\t\t\t\t\t<div class=\"elementor-container elementor-column-gap-default\">\n\t\t\t\t\t\t\t<div class=\"elementor-row\">\n\t\t\t\t\t<div class=\"elementor-column elementor-col-33 elementor-top-column elementor-element elementor-element-b7194dc\" data-id=\"b7194dc\" data-element_type=\"column\">\n\t\t\t<div class=\"elementor-column-wrap\">\n\t\t\t\t\t\t\t<div class=\"elementor-widget-wrap\">\n\t\t\t\t\t\t\t\t<\/div>\n\t\t\t\t\t<\/div>\n\t\t<\/div>\n\t\t\t\t<div class=\"elementor-column elementor-col-33 elementor-top-column elementor-element elementor-element-3706530d\" data-id=\"3706530d\" data-element_type=\"column\">\n\t\t\t<div class=\"elementor-column-wrap elementor-element-populated\">\n\t\t\t\t\t\t\t<div class=\"elementor-widget-wrap\">\n\t\t\t\t\t\t<div class=\"elementor-element elementor-element-4fff9b0b elementor-view-default elementor-vertical-align-top elementor-widget elementor-widget-icon-box\" data-id=\"4fff9b0b\" data-element_type=\"widget\" data-widget_type=\"icon-box.default\">\n\t\t\t\t<div class=\"elementor-widget-container\">\n\t\t\t\t\t<div class=\"elementor-icon-box-wrapper\">\n\t\t\t\t\t\t<div class=\"elementor-icon-box-content\">\n\t\t\t\t<h1 class=\"elementor-icon-box-title\">\n\t\t\t\t\t<span  >\n\t\t\t\t\t\tPropri\u00e9t\u00e9\t\t\t\t\t<\/span>\n\t\t\t\t<\/h1>\n\t\t\t\t\t\t\t<\/div>\n\t\t<\/div>\n\t\t\t\t<\/div>\n\t\t\t\t<\/div>\n\t\t\t\t\t\t<\/div>\n\t\t\t\t\t<\/div>\n\t\t<\/div>\n\t\t\t\t<div class=\"elementor-column elementor-col-33 elementor-top-column elementor-element elementor-element-4788e5dc\" data-id=\"4788e5dc\" data-element_type=\"column\">\n\t\t\t<div class=\"elementor-column-wrap\">\n\t\t\t\t\t\t\t<div class=\"elementor-widget-wrap\">\n\t\t\t\t\t\t\t\t<\/div>\n\t\t\t\t\t<\/div>\n\t\t<\/div>\n\t\t\t\t\t\t\t\t<\/div>\n\t\t\t\t\t<\/div>\n\t\t<\/section>\n\t\t\t\t<section class=\"elementor-section elementor-top-section elementor-element elementor-element-2dbed9a elementor-section-boxed elementor-section-height-default elementor-section-height-default\" data-id=\"2dbed9a\" data-element_type=\"section\">\n\t\t\t\t\t\t<div class=\"elementor-container elementor-column-gap-default\">\n\t\t\t\t\t\t\t<div class=\"elementor-row\">\n\t\t\t\t\t<div class=\"elementor-column elementor-col-100 elementor-top-column elementor-element elementor-element-1ca627b\" data-id=\"1ca627b\" data-element_type=\"column\">\n\t\t\t<div class=\"elementor-column-wrap elementor-element-populated\">\n\t\t\t\t\t\t\t<div class=\"elementor-widget-wrap\">\n\t\t\t\t\t\t<div class=\"elementor-element elementor-element-42fd904 elementor-widget elementor-widget-heading\" data-id=\"42fd904\" data-element_type=\"widget\" data-widget_type=\"heading.default\">\n\t\t\t\t<div class=\"elementor-widget-container\">\n\t\t\t<h2 class=\"elementor-heading-title elementor-size-default\">Nous proposons diff\u00e9rentes options pour diff\u00e9rents objectifs<\/h2>\t\t<\/div>\n\t\t\t\t<\/div>\n\t\t\t\t<div class=\"elementor-element elementor-element-432499d elementor-widget-divider--view-line elementor-widget elementor-widget-divider\" data-id=\"432499d\" data-element_type=\"widget\" data-widget_type=\"divider.default\">\n\t\t\t\t<div class=\"elementor-widget-container\">\n\t\t\t\t\t<div class=\"elementor-divider\">\n\t\t\t<span class=\"elementor-divider-separator\">\n\t\t\t\t\t\t<\/span>\n\t\t<\/div>\n\t\t\t\t<\/div>\n\t\t\t\t<\/div>\n\t\t\t\t\t\t<\/div>\n\t\t\t\t\t<\/div>\n\t\t<\/div>\n\t\t\t\t\t\t\t\t<\/div>\n\t\t\t\t\t<\/div>\n\t\t<\/section>\n\t\t\t\t<section class=\"elementor-section elementor-inner-section elementor-element elementor-element-d6c60ea elementor-section-boxed elementor-section-height-default elementor-section-height-default\" data-id=\"d6c60ea\" data-element_type=\"section\">\n\t\t\t\t\t\t<div class=\"elementor-container elementor-column-gap-default\">\n\t\t\t\t\t\t\t<div class=\"elementor-row\">\n\t\t\t\t\t<div class=\"elementor-column elementor-col-50 elementor-inner-column elementor-element elementor-element-f20a204\" data-id=\"f20a204\" data-element_type=\"column\">\n\t\t\t<div class=\"elementor-column-wrap elementor-element-populated\">\n\t\t\t\t\t\t\t<div class=\"elementor-widget-wrap\">\n\t\t\t\t\t\t<div class=\"elementor-element elementor-element-bfd172b elementor-widget elementor-widget-image\" data-id=\"bfd172b\" data-element_type=\"widget\" data-widget_type=\"image.default\">\n\t\t\t\t<div class=\"elementor-widget-container\">\n\t\t\t\t\t\t\t\t<div class=\"elementor-image\">\n\t\t\t\t\t\t\t\t\t\t\t\t\t<a href=\"https:\/\/courtiersexcellence.com\/fr\/property-type\/commerciale\/\">\n\t\t\t\t\t\t\t<img loading=\"lazy\" decoding=\"async\" width=\"1024\" height=\"683\" src=\"https:\/\/courtiersexcellence.com\/fr\/wp-content\/uploads\/2019\/03\/shutterstock_189023420-1200-1024x683.jpg\" class=\"attachment-large size-large\" alt=\"\" srcset=\"https:\/\/courtiersexcellence.com\/fr\/wp-content\/uploads\/2019\/03\/shutterstock_189023420-1200-1024x683.jpg 1024w, https:\/\/courtiersexcellence.com\/fr\/wp-content\/uploads\/2019\/03\/shutterstock_189023420-1200-300x200.jpg 300w, https:\/\/courtiersexcellence.com\/fr\/wp-content\/uploads\/2019\/03\/shutterstock_189023420-1200-768x512.jpg 768w, https:\/\/courtiersexcellence.com\/fr\/wp-content\/uploads\/2019\/03\/shutterstock_189023420-1200.jpg 1200w\" sizes=\"auto, (max-width: 1024px) 100vw, 1024px\" \/>\t\t\t\t\t\t\t\t<\/a>\n\t\t\t\t\t\t\t\t\t\t\t\t\t\t<\/div>\n\t\t\t\t\t\t<\/div>\n\t\t\t\t<\/div>\n\t\t\t\t<div class=\"elementor-element elementor-element-d0c44fe elementor-position-top elementor-vertical-align-top elementor-widget elementor-widget-image-box\" data-id=\"d0c44fe\" data-element_type=\"widget\" data-widget_type=\"image-box.default\">\n\t\t\t\t<div class=\"elementor-widget-container\">\n\t\t\t<div class=\"elementor-image-box-wrapper\"><div class=\"elementor-image-box-content\"><h5 class=\"elementor-image-box-title\">COMMERCIALE<\/h5><p class=\"elementor-image-box-description\">Demandez \u00e0 n'importe quel professionnel de l'immobilier quels sont les avantages d'investir dans l'immobilier commercial et vous d\u00e9clencherez probablement un monologue sur la fa\u00e7on dont ces propri\u00e9t\u00e9s sont une meilleure affaire que l'immobilier r\u00e9sidentiel. Les propri\u00e9taires d'immeubles commerciaux aiment les flux de tr\u00e9sorerie suppl\u00e9mentaires, les \u00e9conomies d'\u00e9chelle b\u00e9n\u00e9fiques, les r\u00e8gles du jeu relativement ouvertes, le march\u00e9 abondant pour les bons gestionnaires immobiliers abordables et les b\u00e9n\u00e9fices plus importants de l'immobilier commercial.<\/p><\/div><\/div>\t\t<\/div>\n\t\t\t\t<\/div>\n\t\t\t\t<div class=\"elementor-element elementor-element-2ea8110 elementor-align-center elementor-widget elementor-widget-button\" data-id=\"2ea8110\" data-element_type=\"widget\" data-widget_type=\"button.default\">\n\t\t\t\t<div class=\"elementor-widget-container\">\n\t\t\t\t\t<div class=\"elementor-button-wrapper\">\n\t\t\t<a href=\"https:\/\/courtiersexcellence.com\/fr\/property-type\/commerciale\/\" class=\"elementor-button-link elementor-button elementor-size-sm\" role=\"button\">\n\t\t\t\t\t\t<span class=\"elementor-button-content-wrapper\">\n\t\t\t\t\t\t<span class=\"elementor-button-text\">EN SAVOIR PLUS<\/span>\n\t\t<\/span>\n\t\t\t\t\t<\/a>\n\t\t<\/div>\n\t\t\t\t<\/div>\n\t\t\t\t<\/div>\n\t\t\t\t\t\t<\/div>\n\t\t\t\t\t<\/div>\n\t\t<\/div>\n\t\t\t\t<div class=\"elementor-column elementor-col-50 elementor-inner-column elementor-element elementor-element-bce40d9\" data-id=\"bce40d9\" data-element_type=\"column\">\n\t\t\t<div class=\"elementor-column-wrap elementor-element-populated\">\n\t\t\t\t\t\t\t<div class=\"elementor-widget-wrap\">\n\t\t\t\t\t\t<div class=\"elementor-element elementor-element-cce00ea elementor-widget elementor-widget-image\" data-id=\"cce00ea\" data-element_type=\"widget\" data-widget_type=\"image.default\">\n\t\t\t\t<div class=\"elementor-widget-container\">\n\t\t\t\t\t\t\t\t<div class=\"elementor-image\">\n\t\t\t\t\t\t\t\t\t\t\t\t\t<a href=\"https:\/\/courtiersexcellence.com\/fr\/property-type\/revenus-et-investissement\/\">\n\t\t\t\t\t\t\t<img loading=\"lazy\" decoding=\"async\" width=\"768\" height=\"519\" src=\"https:\/\/courtiersexcellence.com\/fr\/wp-content\/uploads\/2019\/03\/sa_270115_01-800x541-768x519.jpg\" class=\"attachment-medium_large size-medium_large\" alt=\"\" srcset=\"https:\/\/courtiersexcellence.com\/fr\/wp-content\/uploads\/2019\/03\/sa_270115_01-800x541-768x519.jpg 768w, https:\/\/courtiersexcellence.com\/fr\/wp-content\/uploads\/2019\/03\/sa_270115_01-800x541-300x203.jpg 300w, https:\/\/courtiersexcellence.com\/fr\/wp-content\/uploads\/2019\/03\/sa_270115_01-800x541.jpg 800w\" sizes=\"auto, (max-width: 768px) 100vw, 768px\" \/>\t\t\t\t\t\t\t\t<\/a>\n\t\t\t\t\t\t\t\t\t\t\t\t\t\t<\/div>\n\t\t\t\t\t\t<\/div>\n\t\t\t\t<\/div>\n\t\t\t\t<div class=\"elementor-element elementor-element-c17baf9 elementor-position-top elementor-vertical-align-top elementor-widget elementor-widget-image-box\" data-id=\"c17baf9\" data-element_type=\"widget\" data-widget_type=\"image-box.default\">\n\t\t\t\t<div class=\"elementor-widget-container\">\n\t\t\t<div class=\"elementor-image-box-wrapper\"><div class=\"elementor-image-box-content\"><h5 class=\"elementor-image-box-title\">REVENUS ET INVESTISSEMENT<\/h5><p class=\"elementor-image-box-description\">L'immobilier a produit de nombreuses personnes parmi les plus riches du monde, il y a donc de nombreuses raisons de penser que la propri\u00e9t\u00e9 est un bon investissement. Cependant, comme pour tout investissement, il vaut mieux \u00eatre bien renseign\u00e9 avant de plonger avec des centaines de milliers de dollars.<\/p><\/div><\/div>\t\t<\/div>\n\t\t\t\t<\/div>\n\t\t\t\t<div class=\"elementor-element elementor-element-0fa7681 elementor-align-center elementor-widget elementor-widget-button\" data-id=\"0fa7681\" data-element_type=\"widget\" data-widget_type=\"button.default\">\n\t\t\t\t<div class=\"elementor-widget-container\">\n\t\t\t\t\t<div class=\"elementor-button-wrapper\">\n\t\t\t<a href=\"https:\/\/courtiersexcellence.com\/fr\/property-type\/revenus-et-investissement\/\" class=\"elementor-button-link elementor-button elementor-size-sm\" role=\"button\">\n\t\t\t\t\t\t<span class=\"elementor-button-content-wrapper\">\n\t\t\t\t\t\t<span class=\"elementor-button-text\">EN SAVOIR PLUS<\/span>\n\t\t<\/span>\n\t\t\t\t\t<\/a>\n\t\t<\/div>\n\t\t\t\t<\/div>\n\t\t\t\t<\/div>\n\t\t\t\t\t\t<\/div>\n\t\t\t\t\t<\/div>\n\t\t<\/div>\n\t\t\t\t\t\t\t\t<\/div>\n\t\t\t\t\t<\/div>\n\t\t<\/section>\n\t\t\t\t<section class=\"elementor-section elementor-inner-section elementor-element elementor-element-3dca23c elementor-section-boxed elementor-section-height-default elementor-section-height-default\" data-id=\"3dca23c\" data-element_type=\"section\">\n\t\t\t\t\t\t<div class=\"elementor-container elementor-column-gap-default\">\n\t\t\t\t\t\t\t<div class=\"elementor-row\">\n\t\t\t\t\t<div class=\"elementor-column elementor-col-50 elementor-inner-column elementor-element elementor-element-f58b4c4\" data-id=\"f58b4c4\" data-element_type=\"column\">\n\t\t\t<div class=\"elementor-column-wrap elementor-element-populated\">\n\t\t\t\t\t\t\t<div class=\"elementor-widget-wrap\">\n\t\t\t\t\t\t<div class=\"elementor-element elementor-element-d7fa0e3 elementor-widget elementor-widget-image\" data-id=\"d7fa0e3\" data-element_type=\"widget\" data-widget_type=\"image.default\">\n\t\t\t\t<div class=\"elementor-widget-container\">\n\t\t\t\t\t\t\t\t<div class=\"elementor-image\">\n\t\t\t\t\t\t\t\t\t\t\t\t\t<a href=\"https:\/\/courtiersexcellence.com\/fr\/property-type\/a-louer\/\">\n\t\t\t\t\t\t\t<img loading=\"lazy\" decoding=\"async\" width=\"960\" height=\"733\" src=\"https:\/\/courtiersexcellence.com\/fr\/wp-content\/uploads\/2019\/03\/urbantoronto-2007-5724.jpg\" class=\"attachment-large size-large\" alt=\"\" srcset=\"https:\/\/courtiersexcellence.com\/fr\/wp-content\/uploads\/2019\/03\/urbantoronto-2007-5724.jpg 960w, https:\/\/courtiersexcellence.com\/fr\/wp-content\/uploads\/2019\/03\/urbantoronto-2007-5724-300x229.jpg 300w, https:\/\/courtiersexcellence.com\/fr\/wp-content\/uploads\/2019\/03\/urbantoronto-2007-5724-768x586.jpg 768w\" sizes=\"auto, (max-width: 960px) 100vw, 960px\" \/>\t\t\t\t\t\t\t\t<\/a>\n\t\t\t\t\t\t\t\t\t\t\t\t\t\t<\/div>\n\t\t\t\t\t\t<\/div>\n\t\t\t\t<\/div>\n\t\t\t\t<div class=\"elementor-element elementor-element-66bbc4f elementor-position-top elementor-vertical-align-top elementor-widget elementor-widget-image-box\" data-id=\"66bbc4f\" data-element_type=\"widget\" data-widget_type=\"image-box.default\">\n\t\t\t\t<div class=\"elementor-widget-container\">\n\t\t\t<div class=\"elementor-image-box-wrapper\"><div class=\"elementor-image-box-content\"><h5 class=\"elementor-image-box-title\">A LOUER<\/h5><p class=\"elementor-image-box-description\">Que vous recherchiez une nouvelle entreprise ou un lieu de d\u00e9marrage ou que vous ayez simplement besoin d'un endroit o\u00f9 vivre, la location peut \u00eatre votre meilleure option. Laissez-nous vous aider \u00e0 trouver l'endroit id\u00e9al.<\/p><\/div><\/div>\t\t<\/div>\n\t\t\t\t<\/div>\n\t\t\t\t<div class=\"elementor-element elementor-element-c2e2061 elementor-align-center elementor-widget elementor-widget-button\" data-id=\"c2e2061\" data-element_type=\"widget\" data-widget_type=\"button.default\">\n\t\t\t\t<div class=\"elementor-widget-container\">\n\t\t\t\t\t<div class=\"elementor-button-wrapper\">\n\t\t\t<a href=\"https:\/\/courtiersexcellence.com\/fr\/property-type\/a-louer\/\" class=\"elementor-button-link elementor-button elementor-size-sm\" role=\"button\">\n\t\t\t\t\t\t<span class=\"elementor-button-content-wrapper\">\n\t\t\t\t\t\t<span class=\"elementor-button-text\">EN SAVOIR PLUS<\/span>\n\t\t<\/span>\n\t\t\t\t\t<\/a>\n\t\t<\/div>\n\t\t\t\t<\/div>\n\t\t\t\t<\/div>\n\t\t\t\t\t\t<\/div>\n\t\t\t\t\t<\/div>\n\t\t<\/div>\n\t\t\t\t<div class=\"elementor-column elementor-col-50 elementor-inner-column elementor-element elementor-element-31ca30b\" data-id=\"31ca30b\" data-element_type=\"column\">\n\t\t\t<div class=\"elementor-column-wrap elementor-element-populated\">\n\t\t\t\t\t\t\t<div class=\"elementor-widget-wrap\">\n\t\t\t\t\t\t<div class=\"elementor-element elementor-element-238cce3 elementor-widget elementor-widget-image\" data-id=\"238cce3\" data-element_type=\"widget\" data-widget_type=\"image.default\">\n\t\t\t\t<div class=\"elementor-widget-container\">\n\t\t\t\t\t\t\t\t<div class=\"elementor-image\">\n\t\t\t\t\t\t\t\t\t\t\t\t\t<a href=\"https:\/\/courtiersexcellence.com\/fr\/property-type\/residentielle\/\">\n\t\t\t\t\t\t\t<img loading=\"lazy\" decoding=\"async\" width=\"1024\" height=\"683\" src=\"https:\/\/courtiersexcellence.com\/fr\/wp-content\/uploads\/2019\/03\/Unique-Modern-House-Pictures-for-Home-Design-Ideas-or-Modern-House-Pictures-1024x683.jpg\" class=\"attachment-large size-large\" alt=\"\" srcset=\"https:\/\/courtiersexcellence.com\/fr\/wp-content\/uploads\/2019\/03\/Unique-Modern-House-Pictures-for-Home-Design-Ideas-or-Modern-House-Pictures-1024x683.jpg 1024w, https:\/\/courtiersexcellence.com\/fr\/wp-content\/uploads\/2019\/03\/Unique-Modern-House-Pictures-for-Home-Design-Ideas-or-Modern-House-Pictures-300x200.jpg 300w, https:\/\/courtiersexcellence.com\/fr\/wp-content\/uploads\/2019\/03\/Unique-Modern-House-Pictures-for-Home-Design-Ideas-or-Modern-House-Pictures-768x512.jpg 768w, https:\/\/courtiersexcellence.com\/fr\/wp-content\/uploads\/2019\/03\/Unique-Modern-House-Pictures-for-Home-Design-Ideas-or-Modern-House-Pictures.jpg 1920w\" sizes=\"auto, (max-width: 1024px) 100vw, 1024px\" \/>\t\t\t\t\t\t\t\t<\/a>\n\t\t\t\t\t\t\t\t\t\t\t\t\t\t<\/div>\n\t\t\t\t\t\t<\/div>\n\t\t\t\t<\/div>\n\t\t\t\t<div class=\"elementor-element elementor-element-00d7c15 elementor-position-top elementor-vertical-align-top elementor-widget elementor-widget-image-box\" data-id=\"00d7c15\" data-element_type=\"widget\" data-widget_type=\"image-box.default\">\n\t\t\t\t<div class=\"elementor-widget-container\">\n\t\t\t<div class=\"elementor-image-box-wrapper\"><div class=\"elementor-image-box-content\"><h5 class=\"elementor-image-box-title\">R\u00c9SIDENTIELLE<\/h5><p class=\"elementor-image-box-description\">Le processus d'achat d'une maison peut sembler incroyablement stressant, que vous soyez un d\u00e9butant ou un v\u00e9t\u00e9ran chevronn\u00e9. Heureusement, vous pouvez trouver un courtier immobilier qui est pr\u00eat \u00e0 faire le gros du travail pour vous.<\/p><\/div><\/div>\t\t<\/div>\n\t\t\t\t<\/div>\n\t\t\t\t<div class=\"elementor-element elementor-element-ef71112 elementor-align-center elementor-widget elementor-widget-button\" data-id=\"ef71112\" data-element_type=\"widget\" data-widget_type=\"button.default\">\n\t\t\t\t<div class=\"elementor-widget-container\">\n\t\t\t\t\t<div class=\"elementor-button-wrapper\">\n\t\t\t<a href=\"https:\/\/courtiersexcellence.com\/fr\/property-type\/residentielle\/\" class=\"elementor-button-link elementor-button elementor-size-sm\" role=\"button\">\n\t\t\t\t\t\t<span class=\"elementor-button-content-wrapper\">\n\t\t\t\t\t\t<span class=\"elementor-button-text\">EN SAVOIR PLUS<\/span>\n\t\t<\/span>\n\t\t\t\t\t<\/a>\n\t\t<\/div>\n\t\t\t\t<\/div>\n\t\t\t\t<\/div>\n\t\t\t\t\t\t<\/div>\n\t\t\t\t\t<\/div>\n\t\t<\/div>\n\t\t\t\t\t\t\t\t<\/div>\n\t\t\t\t\t<\/div>\n\t\t<\/section>\n\t\t\t\t\t\t\t\t\t<\/div>\n\t\t\t<\/div>\n\t\t\t\t\t<\/div>\n\t\t","protected":false},"excerpt":{"rendered":"<p>Propri\u00e9t\u00e9 Nous proposons diff\u00e9rentes options pour diff\u00e9rents objectifs COMMERCIALE Demandez \u00e0 n&rsquo;importe quel professionnel de l&rsquo;immobilier quels sont les avantages d&rsquo;investir dans l&rsquo;immobilier commercial et vous d\u00e9clencherez probablement un monologue sur la fa\u00e7on dont ces propri\u00e9t\u00e9s sont une meilleure affaire que l&rsquo;immobilier r\u00e9sidentiel. Les propri\u00e9taires d&rsquo;immeubles commerciaux aiment les flux de tr\u00e9sorerie suppl\u00e9mentaires, les \u00e9conomies &hellip;<\/p>\n<p class=\"read-more\"> <a class=\"\" href=\"https:\/\/courtiersexcellence.com\/fr\/immobilier\/\"> <span class=\"screen-reader-text\">Immobilier<\/span> Lire la suite\u00a0\u00bb<\/a><\/p>\n","protected":false},"author":1,"featured_media":0,"parent":0,"menu_order":0,"comment_status":"closed","ping_status":"closed","template":"","meta":{"content-type":"","site-sidebar-layout":"no-sidebar","site-content-layout":"page-builder","ast-global-header-display":"","ast-main-header-display":"","ast-hfb-above-header-display":"","ast-hfb-below-header-display":"","ast-hfb-mobile-header-display":"","site-post-title":"disabled","ast-breadcrumbs-content":"","ast-featured-img":"disabled","footer-sml-layout":"","theme-transparent-header-meta":"enabled","adv-header-id-meta":"","stick-header-meta":"","header-above-stick-meta":"","header-main-stick-meta":"","header-below-stick-meta":"","footnotes":""},"class_list":["post-6","page","type-page","status-publish","hentry"],"uagb_featured_image_src":{"full":false,"thumbnail":false,"medium":false,"medium_large":false,"large":false,"1536x1536":false,"2048x2048":false,"trp-custom-language-flag":false},"uagb_author_info":{"display_name":"admin","author_link":"https:\/\/courtiersexcellence.com\/fr\/author\/admin\/"},"uagb_comment_info":0,"uagb_excerpt":"Propri\u00e9t\u00e9 Nous proposons diff\u00e9rentes options pour diff\u00e9rents objectifs COMMERCIALE Demandez \u00e0 n&rsquo;importe quel professionnel de l&rsquo;immobilier quels sont les avantages d&rsquo;investir dans l&rsquo;immobilier commercial et vous d\u00e9clencherez probablement un monologue sur la fa\u00e7on dont ces propri\u00e9t\u00e9s sont une meilleure affaire que l&rsquo;immobilier r\u00e9sidentiel. Les propri\u00e9taires d&rsquo;immeubles commerciaux aiment les flux de tr\u00e9sorerie suppl\u00e9mentaires, les \u00e9conomies\u2026","_links":{"self":[{"href":"https:\/\/courtiersexcellence.com\/fr\/wp-json\/wp\/v2\/pages\/6","targetHints":{"allow":["GET"]}}],"collection":[{"href":"https:\/\/courtiersexcellence.com\/fr\/wp-json\/wp\/v2\/pages"}],"about":[{"href":"https:\/\/courtiersexcellence.com\/fr\/wp-json\/wp\/v2\/types\/page"}],"author":[{"embeddable":true,"href":"https:\/\/courtiersexcellence.com\/fr\/wp-json\/wp\/v2\/users\/1"}],"replies":[{"embeddable":true,"href":"https:\/\/courtiersexcellence.com\/fr\/wp-json\/wp\/v2\/comments?post=6"}],"version-history":[{"count":60,"href":"https:\/\/courtiersexcellence.com\/fr\/wp-json\/wp\/v2\/pages\/6\/revisions"}],"predecessor-version":[{"id":1218,"href":"https:\/\/courtiersexcellence.com\/fr\/wp-json\/wp\/v2\/pages\/6\/revisions\/1218"}],"wp:attachment":[{"href":"https:\/\/courtiersexcellence.com\/fr\/wp-json\/wp\/v2\/media?parent=6"}],"curies":[{"name":"wp","href":"https:\/\/api.w.org\/{rel}","templated":true}]}}