{"id":525,"date":"2019-04-04T20:18:21","date_gmt":"2019-04-04T15:18:21","guid":{"rendered":"http:\/\/courtiersexcellence.com\/?page_id=525"},"modified":"2022-02-08T12:06:56","modified_gmt":"2022-02-08T07:06:56","slug":"propriete-residentielle","status":"publish","type":"page","link":"https:\/\/courtiersexcellence.com\/fr\/propriete-residentielle\/","title":{"rendered":"Propri\u00e9t\u00e9 r\u00e9sidentielle"},"content":{"rendered":"\t\t<div data-elementor-type=\"wp-post\" data-elementor-id=\"525\" class=\"elementor elementor-525\">\n\t\t\t\t\t\t<div class=\"elementor-inner\">\n\t\t\t\t<div class=\"elementor-section-wrap\">\n\t\t\t\t\t\t\t\t\t<section class=\"elementor-section elementor-top-section elementor-element elementor-element-69a8fe7 elementor-section-boxed elementor-section-height-default elementor-section-height-default\" data-id=\"69a8fe7\" data-element_type=\"section\">\n\t\t\t\t\t\t<div class=\"elementor-container elementor-column-gap-default\">\n\t\t\t\t\t\t\t<div class=\"elementor-row\">\n\t\t\t\t\t<div class=\"elementor-column elementor-col-100 elementor-top-column elementor-element elementor-element-2558d6a\" data-id=\"2558d6a\" data-element_type=\"column\">\n\t\t\t<div class=\"elementor-column-wrap elementor-element-populated\">\n\t\t\t\t\t\t\t<div class=\"elementor-widget-wrap\">\n\t\t\t\t\t\t<div class=\"elementor-element elementor-element-c7864b1 elementor-widget elementor-widget-text-editor\" data-id=\"c7864b1\" data-element_type=\"widget\" data-widget_type=\"text-editor.default\">\n\t\t\t\t<div class=\"elementor-widget-container\">\n\t\t\t\t\t\t\t\t<div class=\"elementor-text-editor elementor-clearfix\">\n\t\t\t\t<h3 style=\"text-align: center;\">Propri\u00e9t\u00e9 r\u00e9sidentielle<\/h3>\t\t\t\t\t<\/div>\n\t\t\t\t\t\t<\/div>\n\t\t\t\t<\/div>\n\t\t\t\t\t\t<\/div>\n\t\t\t\t\t<\/div>\n\t\t<\/div>\n\t\t\t\t\t\t\t\t<\/div>\n\t\t\t\t\t<\/div>\n\t\t<\/section>\n\t\t\t\t<section class=\"elementor-section elementor-top-section elementor-element elementor-element-27adee7 elementor-section-boxed elementor-section-height-default elementor-section-height-default\" data-id=\"27adee7\" data-element_type=\"section\">\n\t\t\t\t\t\t<div class=\"elementor-container elementor-column-gap-default\">\n\t\t\t\t\t\t\t<div class=\"elementor-row\">\n\t\t\t\t\t<div class=\"elementor-column elementor-col-100 elementor-top-column elementor-element elementor-element-9a62a2d\" data-id=\"9a62a2d\" data-element_type=\"column\">\n\t\t\t<div class=\"elementor-column-wrap elementor-element-populated\">\n\t\t\t\t\t\t\t<div class=\"elementor-widget-wrap\">\n\t\t\t\t\t\t<div class=\"elementor-element elementor-element-432a95f elementor-widget elementor-widget-text-editor\" data-id=\"432a95f\" data-element_type=\"widget\" data-widget_type=\"text-editor.default\">\n\t\t\t\t<div class=\"elementor-widget-container\">\n\t\t\t\t\t\t\t\t<div class=\"elementor-text-editor elementor-clearfix\">\n\t\t\t\t<h6>Votre maison vendue, GARANTIE ou nous l&rsquo;achetons au comptant!*<\/h6><p><span style=\"font-size: medium;\">Vous avez peur du risque d&rsquo;acheter une nouvelle maison et de ne pas pouvoir vendre l&rsquo;ancienne ? Si c&rsquo;est le cas\u2026 je vous garantis de vendre votre maison rapidement et pour le meilleur prix ou autrement\u2026 j&rsquo;ach\u00e8terai votre maison\u00a0<\/span><\/p><p><span style=\"font-size: medium;\">Pour de l&rsquo;argent sonnant et tr\u00e9buchant moi-m\u00eame !<br \/>Ne restez pas coinc\u00e9 \u00e0 poss\u00e9der DEUX maisons !<br \/>Votre plus grand dilemme lorsque vous envisagez d&rsquo;acheter une autre maison est de d\u00e9cider s&rsquo;il faut acheter en premier ou vendre en premier. Je sais ce que tu ressens. Vous voulez vendre, mais que se passe-t-il si vous ne trouvez pas la maison qui vous plait et que vous restez coinc\u00e9 pendant des mois \u00e0 essayer de trouver la prochaine maison de vos r\u00eaves ! De toute fa\u00e7on, c&rsquo;est risqu\u00e9. Vous ne voulez pas vous retrouver avec deux maisons ou aucune maison du tout ! Eh bien, lorsque vous annoncerez votre maison avec moi, je m&rsquo;assurerai que cela ne vous arrive pas !<\/span><\/p><p><span style=\"font-size: medium;\"><br \/>Voici comment\u2026<br \/>Avec My Double Protection, votre maison est vendue Garantie !<br \/>Lorsque vous annoncez votre maison avec moi, vous recevez mon offre mieux que sans risque et en fait vous \u00eates doublement prot\u00e9g\u00e9, voici comment.<br \/>1. Vous recevrez ma garantie d&rsquo;offre en esp\u00e8ces initiale par \u00e9crit, garantissant que je vendrai votre maison avant que vous ne preniez possession de votre nouvelle maison. Ainsi, vous pouvez avoir l&rsquo;esprit tranquille en sachant que votre maison sera vendue avant de vous installer dans votre nouveau.<br \/>Et si je ne peux pas vendre votre maison \u00e0 temps ?<br \/>JE VAIS L&rsquo;ACHETER CHEZ VOUS POUR DE L&rsquo;ARGENT \u00c0 FROID !<br \/>2. Si un acheteur ext\u00e9rieur bat tout d&rsquo;un coup le prix que j&rsquo;ai propos\u00e9 pour votre maison, vous obtenez le prix le plus \u00e9lev\u00e9\u2026 Pas le mien. Assurez-vous d&rsquo;obtenir le prix le plus \u00e9lev\u00e9 offert sur votre maison! Remplir vos poches avec plus d&rsquo;argent! Cela signifie que lorsque vous voyez une maison qui vous pla\u00eet, vous pouvez r\u00e9agir imm\u00e9diatement et n\u00e9gocier le prix le plus bas possible avec une offre ferme et au comptant.<br \/>(sans condition.)<br \/>* Pour plus d&rsquo;informations, pour vous aider \u00e0 en savoir plus sur ce programme et sur la fa\u00e7on dont il peut rendre votre d\u00e9m\u00e9nagement moins stressant, un rapport sp\u00e9cial GRATUIT a \u00e9t\u00e9 pr\u00e9par\u00e9 intitul\u00e9 \u00ab Comment \u00e9viter de rester coinc\u00e9 avec deux maisons \u00bb.<br \/>** Le vendeur et le courtier doivent s&rsquo;entendre sur le prix de vente, la commission, le vendeur doit acheter une maison de valeur sup\u00e9rieure \u00e0 la sienne, cot\u00e9e par Courtiers Excellence.<\/span><\/p>\t\t\t\t\t<\/div>\n\t\t\t\t\t\t<\/div>\n\t\t\t\t<\/div>\n\t\t\t\t\t\t<\/div>\n\t\t\t\t\t<\/div>\n\t\t<\/div>\n\t\t\t\t\t\t\t\t<\/div>\n\t\t\t\t\t<\/div>\n\t\t<\/section>\n\t\t\t\t<section class=\"elementor-section elementor-top-section elementor-element elementor-element-29c705d elementor-section-boxed elementor-section-height-default elementor-section-height-default\" data-id=\"29c705d\" data-element_type=\"section\">\n\t\t\t\t\t\t<div class=\"elementor-container elementor-column-gap-default\">\n\t\t\t\t\t\t\t<div class=\"elementor-row\">\n\t\t\t\t\t<div class=\"elementor-column elementor-col-100 elementor-top-column elementor-element elementor-element-75ff3d7\" data-id=\"75ff3d7\" data-element_type=\"column\">\n\t\t\t<div class=\"elementor-column-wrap elementor-element-populated\">\n\t\t\t\t\t\t\t<div class=\"elementor-widget-wrap\">\n\t\t\t\t\t\t<div class=\"elementor-element elementor-element-3eaa20a elementor-widget elementor-widget-text-editor\" data-id=\"3eaa20a\" data-element_type=\"widget\" data-widget_type=\"text-editor.default\">\n\t\t\t\t<div class=\"elementor-widget-container\">\n\t\t\t\t\t\t\t\t<div class=\"elementor-text-editor elementor-clearfix\">\n\t\t\t\t\t\t\t\t\t<\/div>\n\t\t\t\t\t\t<\/div>\n\t\t\t\t<\/div>\n\t\t\t\t<section class=\"elementor-section elementor-inner-section elementor-element elementor-element-ecf5cf5 elementor-section-boxed elementor-section-height-default elementor-section-height-default\" data-id=\"ecf5cf5\" data-element_type=\"section\">\n\t\t\t\t\t\t<div class=\"elementor-container elementor-column-gap-default\">\n\t\t\t\t\t\t\t<div class=\"elementor-row\">\n\t\t\t\t\t<div class=\"elementor-column elementor-col-50 elementor-inner-column elementor-element elementor-element-5b3d68e\" data-id=\"5b3d68e\" data-element_type=\"column\">\n\t\t\t<div class=\"elementor-column-wrap elementor-element-populated\">\n\t\t\t\t\t\t\t<div class=\"elementor-widget-wrap\">\n\t\t\t\t\t\t<div class=\"elementor-element elementor-element-245d61e elementor-widget elementor-widget-image\" data-id=\"245d61e\" data-element_type=\"widget\" data-widget_type=\"image.default\">\n\t\t\t\t<div class=\"elementor-widget-container\">\n\t\t\t\t\t\t\t\t<div class=\"elementor-image\">\n\t\t\t\t\t\t\t\t\t\t\t\t<img loading=\"lazy\" decoding=\"async\" width=\"640\" height=\"480\" src=\"https:\/\/courtiersexcellence.com\/fr\/wp-content\/uploads\/2021\/08\/16548547_1.jpg\" class=\"attachment-large size-large\" alt=\"\" srcset=\"https:\/\/courtiersexcellence.com\/fr\/wp-content\/uploads\/2021\/08\/16548547_1.jpg 640w, https:\/\/courtiersexcellence.com\/fr\/wp-content\/uploads\/2021\/08\/16548547_1-300x225.jpg 300w, https:\/\/courtiersexcellence.com\/fr\/wp-content\/uploads\/2021\/08\/16548547_1-16x12.jpg 16w\" sizes=\"auto, (max-width: 640px) 100vw, 640px\" \/>\t\t\t\t\t\t\t\t\t\t\t\t\t\t<\/div>\n\t\t\t\t\t\t<\/div>\n\t\t\t\t<\/div>\n\t\t\t\t<div class=\"elementor-element elementor-element-7d7a02e elementor-widget elementor-widget-heading\" data-id=\"7d7a02e\" data-element_type=\"widget\" data-widget_type=\"heading.default\">\n\t\t\t\t<div class=\"elementor-widget-container\">\n\t\t\t<h2 class=\"elementor-heading-title elementor-size-default\">unifamiliale<\/h2>\t\t<\/div>\n\t\t\t\t<\/div>\n\t\t\t\t<div class=\"elementor-element elementor-element-5c86f50 elementor-widget elementor-widget-text-editor\" data-id=\"5c86f50\" data-element_type=\"widget\" data-widget_type=\"text-editor.default\">\n\t\t\t\t<div class=\"elementor-widget-container\">\n\t\t\t\t\t\t\t\t<div class=\"elementor-text-editor elementor-clearfix\">\n\t\t\t\t<h6>6800 Av. MacDonald #1404<\/h6>\t\t\t\t\t<\/div>\n\t\t\t\t\t\t<\/div>\n\t\t\t\t<\/div>\n\t\t\t\t<div class=\"elementor-element elementor-element-68bb809 elementor-align-center elementor-widget elementor-widget-button\" data-id=\"68bb809\" data-element_type=\"widget\" data-widget_type=\"button.default\">\n\t\t\t\t<div class=\"elementor-widget-container\">\n\t\t\t\t\t<div class=\"elementor-button-wrapper\">\n\t\t\t<a href=\"https:\/\/www.realtor.ca\/immobilier\/22298434\/6800-av-macdonald-1404-c%C3%B4te-saint-luc\" class=\"elementor-button-link elementor-button elementor-size-sm\" role=\"button\">\n\t\t\t\t\t\t<span class=\"elementor-button-content-wrapper\">\n\t\t\t\t\t\t<span class=\"elementor-button-text\">en savoir plus<\/span>\n\t\t<\/span>\n\t\t\t\t\t<\/a>\n\t\t<\/div>\n\t\t\t\t<\/div>\n\t\t\t\t<\/div>\n\t\t\t\t\t\t<\/div>\n\t\t\t\t\t<\/div>\n\t\t<\/div>\n\t\t\t\t<div class=\"elementor-column elementor-col-50 elementor-inner-column elementor-element elementor-element-c567145\" data-id=\"c567145\" data-element_type=\"column\">\n\t\t\t<div class=\"elementor-column-wrap elementor-element-populated\">\n\t\t\t\t\t\t\t<div class=\"elementor-widget-wrap\">\n\t\t\t\t\t\t<div class=\"elementor-element elementor-element-7c141ad elementor-widget elementor-widget-image\" data-id=\"7c141ad\" data-element_type=\"widget\" data-widget_type=\"image.default\">\n\t\t\t\t<div class=\"elementor-widget-container\">\n\t\t\t\t\t\t\t\t<div class=\"elementor-image\">\n\t\t\t\t\t\t\t\t\t\t\t\t<img loading=\"lazy\" decoding=\"async\" width=\"640\" height=\"480\" src=\"https:\/\/courtiersexcellence.com\/fr\/wp-content\/uploads\/2021\/08\/21509580_1.jpg\" class=\"attachment-large size-large\" alt=\"\" srcset=\"https:\/\/courtiersexcellence.com\/fr\/wp-content\/uploads\/2021\/08\/21509580_1.jpg 640w, https:\/\/courtiersexcellence.com\/fr\/wp-content\/uploads\/2021\/08\/21509580_1-300x225.jpg 300w, https:\/\/courtiersexcellence.com\/fr\/wp-content\/uploads\/2021\/08\/21509580_1-16x12.jpg 16w\" sizes=\"auto, (max-width: 640px) 100vw, 640px\" \/>\t\t\t\t\t\t\t\t\t\t\t\t\t\t<\/div>\n\t\t\t\t\t\t<\/div>\n\t\t\t\t<\/div>\n\t\t\t\t<div class=\"elementor-element elementor-element-2e92360 elementor-widget elementor-widget-heading\" data-id=\"2e92360\" data-element_type=\"widget\" data-widget_type=\"heading.default\">\n\t\t\t\t<div class=\"elementor-widget-container\">\n\t\t\t<h2 class=\"elementor-heading-title elementor-size-default\">unifamiliale<\/h2>\t\t<\/div>\n\t\t\t\t<\/div>\n\t\t\t\t<div class=\"elementor-element elementor-element-8b95fab elementor-widget elementor-widget-text-editor\" data-id=\"8b95fab\" data-element_type=\"widget\" data-widget_type=\"text-editor.default\">\n\t\t\t\t<div class=\"elementor-widget-container\">\n\t\t\t\t\t\t\t\t<div class=\"elementor-text-editor elementor-clearfix\">\n\t\t\t\t<h6>5706 Av. Lockwood<\/h6>\t\t\t\t\t<\/div>\n\t\t\t\t\t\t<\/div>\n\t\t\t\t<\/div>\n\t\t\t\t<div class=\"elementor-element elementor-element-8651a24 elementor-align-center elementor-widget elementor-widget-button\" data-id=\"8651a24\" data-element_type=\"widget\" data-widget_type=\"button.default\">\n\t\t\t\t<div class=\"elementor-widget-container\">\n\t\t\t\t\t<div class=\"elementor-button-wrapper\">\n\t\t\t<a href=\"#\" class=\"elementor-button-link elementor-button elementor-size-sm\" role=\"button\">\n\t\t\t\t\t\t<span class=\"elementor-button-content-wrapper\">\n\t\t\t\t\t\t<span class=\"elementor-button-text\">en savoir plus<\/span>\n\t\t<\/span>\n\t\t\t\t\t<\/a>\n\t\t<\/div>\n\t\t\t\t<\/div>\n\t\t\t\t<\/div>\n\t\t\t\t\t\t<\/div>\n\t\t\t\t\t<\/div>\n\t\t<\/div>\n\t\t\t\t\t\t\t\t<\/div>\n\t\t\t\t\t<\/div>\n\t\t<\/section>\n\t\t\t\t<section class=\"elementor-section elementor-inner-section elementor-element elementor-element-70f8a44 elementor-section-boxed elementor-section-height-default elementor-section-height-default\" data-id=\"70f8a44\" data-element_type=\"section\">\n\t\t\t\t\t\t<div class=\"elementor-container elementor-column-gap-default\">\n\t\t\t\t\t\t\t<div class=\"elementor-row\">\n\t\t\t\t\t<div class=\"elementor-column elementor-col-50 elementor-inner-column elementor-element elementor-element-a5bf2af\" data-id=\"a5bf2af\" data-element_type=\"column\">\n\t\t\t<div class=\"elementor-column-wrap elementor-element-populated\">\n\t\t\t\t\t\t\t<div class=\"elementor-widget-wrap\">\n\t\t\t\t\t\t<div class=\"elementor-element elementor-element-8e78d0c elementor-widget elementor-widget-image\" data-id=\"8e78d0c\" data-element_type=\"widget\" data-widget_type=\"image.default\">\n\t\t\t\t<div class=\"elementor-widget-container\">\n\t\t\t\t\t\t\t\t<div class=\"elementor-image\">\n\t\t\t\t\t\t\t\t\t\t\t\t<img loading=\"lazy\" decoding=\"async\" width=\"640\" height=\"480\" src=\"https:\/\/courtiersexcellence.com\/fr\/wp-content\/uploads\/2021\/08\/27778323_1.jpg\" class=\"attachment-large size-large\" alt=\"\" srcset=\"https:\/\/courtiersexcellence.com\/fr\/wp-content\/uploads\/2021\/08\/27778323_1.jpg 640w, https:\/\/courtiersexcellence.com\/fr\/wp-content\/uploads\/2021\/08\/27778323_1-300x225.jpg 300w, https:\/\/courtiersexcellence.com\/fr\/wp-content\/uploads\/2021\/08\/27778323_1-16x12.jpg 16w\" sizes=\"auto, (max-width: 640px) 100vw, 640px\" \/>\t\t\t\t\t\t\t\t\t\t\t\t\t\t<\/div>\n\t\t\t\t\t\t<\/div>\n\t\t\t\t<\/div>\n\t\t\t\t<div class=\"elementor-element elementor-element-d679cb3 elementor-widget elementor-widget-heading\" data-id=\"d679cb3\" data-element_type=\"widget\" data-widget_type=\"heading.default\">\n\t\t\t\t<div class=\"elementor-widget-container\">\n\t\t\t<h2 class=\"elementor-heading-title elementor-size-default\">unifamiliale<\/h2>\t\t<\/div>\n\t\t\t\t<\/div>\n\t\t\t\t<div class=\"elementor-element elementor-element-278b89d elementor-widget elementor-widget-text-editor\" data-id=\"278b89d\" data-element_type=\"widget\" data-widget_type=\"text-editor.default\">\n\t\t\t\t<div class=\"elementor-widget-container\">\n\t\t\t\t\t\t\t\t<div class=\"elementor-text-editor elementor-clearfix\">\n\t\t\t\t<h6>5581 Boul. Cavendish<\/h6>\t\t\t\t\t<\/div>\n\t\t\t\t\t\t<\/div>\n\t\t\t\t<\/div>\n\t\t\t\t<div class=\"elementor-element elementor-element-73348ed elementor-align-center elementor-widget elementor-widget-button\" data-id=\"73348ed\" data-element_type=\"widget\" data-widget_type=\"button.default\">\n\t\t\t\t<div class=\"elementor-widget-container\">\n\t\t\t\t\t<div class=\"elementor-button-wrapper\">\n\t\t\t<a href=\"https:\/\/www.realtor.ca\/immobilier\/23271807\/5581-boul-cavendish-c%C3%B4te-saint-luc\" class=\"elementor-button-link elementor-button elementor-size-sm\" role=\"button\">\n\t\t\t\t\t\t<span class=\"elementor-button-content-wrapper\">\n\t\t\t\t\t\t<span class=\"elementor-button-text\">en savoir plus<\/span>\n\t\t<\/span>\n\t\t\t\t\t<\/a>\n\t\t<\/div>\n\t\t\t\t<\/div>\n\t\t\t\t<\/div>\n\t\t\t\t\t\t<\/div>\n\t\t\t\t\t<\/div>\n\t\t<\/div>\n\t\t\t\t<div class=\"elementor-column elementor-col-50 elementor-inner-column elementor-element elementor-element-8e800a8\" data-id=\"8e800a8\" data-element_type=\"column\">\n\t\t\t<div class=\"elementor-column-wrap\">\n\t\t\t\t\t\t\t<div class=\"elementor-widget-wrap\">\n\t\t\t\t\t\t\t\t<\/div>\n\t\t\t\t\t<\/div>\n\t\t<\/div>\n\t\t\t\t\t\t\t\t<\/div>\n\t\t\t\t\t<\/div>\n\t\t<\/section>\n\t\t\t\t\t\t<\/div>\n\t\t\t\t\t<\/div>\n\t\t<\/div>\n\t\t\t\t\t\t\t\t<\/div>\n\t\t\t\t\t<\/div>\n\t\t<\/section>\n\t\t\t\t\t\t\t\t\t<\/div>\n\t\t\t<\/div>\n\t\t\t\t\t<\/div>\n\t\t","protected":false},"excerpt":{"rendered":"<p>Propri\u00e9t\u00e9 r\u00e9sidentielle Votre maison vendue, GARANTIE ou nous l&rsquo;achetons au comptant!* Vous avez peur du risque d&rsquo;acheter une nouvelle maison et de ne pas pouvoir vendre l&rsquo;ancienne ? Si c&rsquo;est le cas\u2026 je vous garantis de vendre votre maison rapidement et pour le meilleur prix ou autrement\u2026 j&rsquo;ach\u00e8terai votre maison\u00a0 Pour de l&rsquo;argent sonnant et &hellip;<\/p>\n<p class=\"read-more\"> <a class=\"\" href=\"https:\/\/courtiersexcellence.com\/fr\/propriete-residentielle\/\"> <span class=\"screen-reader-text\">Propri\u00e9t\u00e9 r\u00e9sidentielle<\/span> Lire la suite\u00a0\u00bb<\/a><\/p>\n","protected":false},"author":1,"featured_media":0,"parent":0,"menu_order":0,"comment_status":"closed","ping_status":"closed","template":"elementor_header_footer","meta":{"content-type":"","site-sidebar-layout":"no-sidebar","site-content-layout":"default","ast-global-header-display":"","ast-main-header-display":"","ast-hfb-above-header-display":"","ast-hfb-below-header-display":"","ast-hfb-mobile-header-display":"","site-post-title":"","ast-breadcrumbs-content":"","ast-featured-img":"","footer-sml-layout":"","theme-transparent-header-meta":"default","adv-header-id-meta":"","stick-header-meta":"","header-above-stick-meta":"","header-main-stick-meta":"","header-below-stick-meta":"","footnotes":""},"class_list":["post-525","page","type-page","status-publish","hentry"],"uagb_featured_image_src":{"full":false,"thumbnail":false,"medium":false,"medium_large":false,"large":false,"1536x1536":false,"2048x2048":false,"trp-custom-language-flag":false},"uagb_author_info":{"display_name":"admin","author_link":"https:\/\/courtiersexcellence.com\/fr\/author\/admin\/"},"uagb_comment_info":0,"uagb_excerpt":"Propri\u00e9t\u00e9 r\u00e9sidentielle Votre maison vendue, GARANTIE ou nous l&rsquo;achetons au comptant!* Vous avez peur du risque d&rsquo;acheter une nouvelle maison et de ne pas pouvoir vendre l&rsquo;ancienne ? Si c&rsquo;est le cas\u2026 je vous garantis de vendre votre maison rapidement et pour le meilleur prix ou autrement\u2026 j&rsquo;ach\u00e8terai votre maison\u00a0 Pour de l&rsquo;argent sonnant et\u2026","_links":{"self":[{"href":"https:\/\/courtiersexcellence.com\/fr\/wp-json\/wp\/v2\/pages\/525","targetHints":{"allow":["GET"]}}],"collection":[{"href":"https:\/\/courtiersexcellence.com\/fr\/wp-json\/wp\/v2\/pages"}],"about":[{"href":"https:\/\/courtiersexcellence.com\/fr\/wp-json\/wp\/v2\/types\/page"}],"author":[{"embeddable":true,"href":"https:\/\/courtiersexcellence.com\/fr\/wp-json\/wp\/v2\/users\/1"}],"replies":[{"embeddable":true,"href":"https:\/\/courtiersexcellence.com\/fr\/wp-json\/wp\/v2\/comments?post=525"}],"version-history":[{"count":62,"href":"https:\/\/courtiersexcellence.com\/fr\/wp-json\/wp\/v2\/pages\/525\/revisions"}],"predecessor-version":[{"id":1005,"href":"https:\/\/courtiersexcellence.com\/fr\/wp-json\/wp\/v2\/pages\/525\/revisions\/1005"}],"wp:attachment":[{"href":"https:\/\/courtiersexcellence.com\/fr\/wp-json\/wp\/v2\/media?parent=525"}],"curies":[{"name":"wp","href":"https:\/\/api.w.org\/{rel}","templated":true}]}}