{"id":494,"date":"2019-04-04T17:56:54","date_gmt":"2019-04-04T12:56:54","guid":{"rendered":"http:\/\/courtiersexcellence.com\/?page_id=494"},"modified":"2021-09-22T10:37:45","modified_gmt":"2021-09-22T05:37:45","slug":"options-dinvestissement","status":"publish","type":"page","link":"https:\/\/courtiersexcellence.com\/fr\/options-dinvestissement\/","title":{"rendered":"Options d&rsquo;investissement"},"content":{"rendered":"\t\t<div data-elementor-type=\"wp-page\" data-elementor-id=\"494\" class=\"elementor elementor-494\">\n\t\t\t\t\t\t<div class=\"elementor-inner\">\n\t\t\t\t<div class=\"elementor-section-wrap\">\n\t\t\t\t\t\t\t\t\t<section class=\"elementor-section elementor-top-section elementor-element elementor-element-21d6266 elementor-section-boxed elementor-section-height-default elementor-section-height-default\" data-id=\"21d6266\" data-element_type=\"section\" data-settings=\"{&quot;background_background&quot;:&quot;classic&quot;}\">\n\t\t\t\t\t\t<div class=\"elementor-container elementor-column-gap-default\">\n\t\t\t\t\t\t\t<div class=\"elementor-row\">\n\t\t\t\t\t<div class=\"elementor-column elementor-col-100 elementor-top-column elementor-element elementor-element-9c0382a\" data-id=\"9c0382a\" data-element_type=\"column\">\n\t\t\t<div class=\"elementor-column-wrap elementor-element-populated\">\n\t\t\t\t\t\t\t<div class=\"elementor-widget-wrap\">\n\t\t\t\t\t\t<div class=\"elementor-element elementor-element-fc88068 elementor-widget elementor-widget-html\" data-id=\"fc88068\" data-element_type=\"widget\" data-widget_type=\"html.default\">\n\t\t\t\t<div class=\"elementor-widget-container\">\n\t\t\t<p>Les investisseurs pr\u00eateurs, en effet, pr\u00eatent leur argent \u00e0 une institution en \u00e9change de paiements d'int\u00e9r\u00eats. Ce \u00ab pr\u00eat \u00bb peut prendre la forme d'une obligation, d'un CPG ou d'un bon du Tr\u00e9sor.<\/p>\r\n\r\n\r\n<p>Les investisseurs propri\u00e9taires deviennent en fait des propri\u00e9taires partiels des entreprises dans lesquelles ils investissent. A ce titre, ils per\u00e7oivent une partie des b\u00e9n\u00e9fices de l'entreprise. Ces investisseurs ach\u00e8tent g\u00e9n\u00e9ralement des investissements en actions, comme des actions ou des biens immobiliers.<\/p>\r\n\r\n\r\n<h3>Pr\u00eats Investissements<\/h3>\r\n\r\n\r\n<p>(Cash\/Cash Equivalent et Revenu)<\/p>\r\n\r\n\r\n<h4>Compte \u00e9pargne<\/h4>\r\n\r\n\r\n<ul>\r\n<li>Un compte d\u00e9tenu aupr\u00e8s d'une institution financi\u00e8re<\/li>\r\n<li>V\u00e9hicule s\u00fbr pour des \u00e9conomies \u00e0 court terme de tout montant<\/li>\r\n<li>Liquidit\u00e9 \u00e9lev\u00e9e (facile \u00e0 encaisser)<\/li>\r\n<\/ul>\r\n\r\n\r\n<h4>Obligations d'\u00e9pargne du Canada (OEC)<\/h4>\r\n\r\n\r\n<ul>\r\n<li>Un type sp\u00e9cial d'obligations \u00e9mises par le gouvernement f\u00e9d\u00e9ral, achet\u00e9es par l'interm\u00e9diaire d'institutions financi\u00e8res<\/li>\r\n<li>Disponible uniquement \u00e0 des heures pr\u00e9cises<\/li>\r\n<li>Payer un taux d'int\u00e9r\u00eat fixe, sujet \u00e0 un ajustement p\u00e9riodique par le gouvernement<\/li>\r\n<li>S\u00fbr, garanti par le gouvernement et tr\u00e8s liquide (bien que la nouvelle obligation \u00e0 prime du Canada ne soit encaissable qu'une fois par an \u00e0 sa date anniversaire)<\/li>\r\n<li>Contrairement \u00e0 d'autres obligations, ne peut \u00eatre n\u00e9goci\u00e9<\/li>\r\n<li>Disponible en divers montants et pour aussi peu que 100 $<\/li>\r\n<\/ul>\r\n\r\n\r\n<h4><strong>Bon du Tr\u00e9sor du gouvernement<\/strong> (T-Bill)<\/h4>\r\n\r\n\r\n<ul>\r\n<li>Placement \u00e0 court terme : dur\u00e9e d'un mois \u00e0 un an (consid\u00e9r\u00e9 comme un \u00e9quivalent de tr\u00e9sorerie)<\/li>\r\n<li>S\u00fbr, soutenu par le gouvernement<\/li>\r\n<li>Ne payez pas un taux d'int\u00e9r\u00eat sp\u00e9cifi\u00e9, les bons du Tr\u00e9sor ont plut\u00f4t une valeur nominale ; vous les achetez avec une \u00ab remise \u00bb (inf\u00e9rieure \u00e0 la valeur faciale) puis vous les \u00e9changez \u00e0 leur valeur faciale ; la diff\u00e9rence est votre retour<\/li>\r\n<li>Disponible en diff\u00e9rents montants \u00e0 partir de 1 000 $<\/li>\r\n<li>Peut \u00eatre achet\u00e9 aupr\u00e8s de la plupart des institutions financi\u00e8res<\/li>\r\n<\/ul>\r\n\r\n\r\n<h4>D\u00e9p\u00f4t \u00e0 terme \/ Certificat de placement garanti (CPG)<\/h4>\r\n\r\n\r\n<ul>\r\n<li>Placements \u00e0 terme offerts par les institutions financi\u00e8res pour une dur\u00e9e d\u00e9termin\u00e9e<\/li>\r\n<li>Les dur\u00e9es vont de moins d'un mois \u00e0 10 ans.<\/li>\r\n<li>Les CPG \u00ab li\u00e9s au march\u00e9 \u00bb garantissent le capital, mais les rendements sont li\u00e9s \u00e0 certains indices boursiers<\/li>\r\n<li>Les dur\u00e9es varient de moins d'un mois \u00e0 10 ans<\/li>\r\n<li>Disponible en plusieurs quantit\u00e9s<\/li>\r\n<\/ul>\r\n\r\n\r\n<h4>Acceptation Bancaire (BA)<\/h4>\r\n\r\n\r\n<ul>\r\n<li>Dette \u00e0 court terme \u00e9mise par des soci\u00e9t\u00e9s et garantie par une banque<\/li>\r\n<li>Tr\u00e8s liquide (\u00e9ch\u00e9ances inf\u00e9rieures \u00e0 un an)<\/li>\r\n<li>Consid\u00e9r\u00e9 comme s\u00fbr, \u00e0 faible risque<\/li>\r\n<li>Achet\u00e9 \u00e0 rabais sur la \u00ab valeur nominale \u00bb, le montant que vous recevrez \u00e0 l'\u00e9ch\u00e9ance de la dette<\/li>\r\n<li>Offrir un rendement fixe, bas\u00e9 sur la diff\u00e9rence entre le prix d'achat r\u00e9duit et la valeur nominale<\/li>\r\n<li>Largement utilis\u00e9 par les particuliers fortun\u00e9s, car ils sont g\u00e9n\u00e9ralement disponibles en quantit\u00e9s de 100 000 $ et plus<\/li>\r\n<\/ul>\r\n\r\n\r\n<h4>Papier commercial<\/h4>\r\n\r\n\r\n<ul>\r\n<li>Similaire aux BA, mais sans la garantie d'une banque<\/li>\r\n<li>Disponible aupr\u00e8s des institutions financi\u00e8res<\/li>\r\n<\/ul>\r\n\r\n\r\n<h4>Obligation d'\u00c9tat<\/h4>\r\n\r\n\r\n<ul>\r\n<li>\u00c9mis par les gouvernements f\u00e9d\u00e9ral et provincial et disponible par l'interm\u00e9diaire de la plupart des institutions financi\u00e8res<\/li>\r\n<li>Fix\u00e9 \u00e0 taux d'int\u00e9r\u00eat fixe, pour une dur\u00e9e d\u00e9termin\u00e9e<\/li>\r\n<li>S\u00fbr (garanti jusqu'\u00e0 l'\u00e9ch\u00e9ance par le gouvernement \u00e9metteur) et liquide<\/li>\r\n<li>Venez en termes d'un \u00e0 30 ans<\/li>\r\n<li>Peut \u00eatre vendu sur le march\u00e9 obligataire avant l'\u00e9ch\u00e9ance<\/li>\r\n<\/ul>\r\n\r\n\r\n<h4>Obligation d'entreprise<\/h4>\r\n\r\n\r\n<ul>\r\n<li>\u00c9mis par une soci\u00e9t\u00e9 et disponible par l'interm\u00e9diaire d'une maison de courtage<\/li>\r\n<li>Fix\u00e9 \u00e0 taux d'int\u00e9r\u00eat fixe, pour une dur\u00e9e d\u00e9termin\u00e9e<\/li>\r\n<li>Adoss\u00e9 \u00e0 des actifs sp\u00e9cifiques de la soci\u00e9t\u00e9 \u00e9mettrice<\/li>\r\n<li>Venez en termes d'un \u00e0 30 ans et dans divers types<\/li>\r\n<li>Peut \u00eatre vendu sur le march\u00e9 obligataire avant l'\u00e9ch\u00e9ance<\/li>\r\n<\/ul>\r\n\r\n\r\n<p><strong>D\u00e9benture<\/strong><br \/>Type d'obligation d'entreprise, mais non garantie par des actifs sp\u00e9cifiques de l'entreprise. Simplement bas\u00e9 sur la r\u00e9putation g\u00e9n\u00e9rale de la soci\u00e9t\u00e9 \u00e9mettrice.<\/p>\r\n\r\n\r\n<h4>Des titres adoss\u00e9s \u00e0 des hypoth\u00e8ques<\/h4>\r\n\r\n\r\n<ul>\r\n<li>Placements \u00e0 taux fixe qui repr\u00e9sentent une part de propri\u00e9t\u00e9 dans un pool de pr\u00eats hypoth\u00e9caires assur\u00e9s par la Soci\u00e9t\u00e9 canadienne d'hypoth\u00e8ques et de logement du gouvernement f\u00e9d\u00e9ral<\/li>\r\n<li>Investissement minimum de 5 000 $; dur\u00e9e allant de un \u00e0 10 ans<\/li>\r\n<li>Recevez un paiement mensuel qui est un m\u00e9lange de capital et d'int\u00e9r\u00eats provenant du pool de pr\u00eats hypoth\u00e9caires<\/li>\r\n<\/ul>\r\n\r\n\r\n<h3>Investissements du propri\u00e9taire<\/h3>\r\n\r\n\r\n<h4>Actions<\/h4>\r\n\r\n\r\n<p>Les actions sont \u00e9mises par des soci\u00e9t\u00e9s o\u00f9 l'investisseur devient un propri\u00e9taire partiel de la soci\u00e9t\u00e9 en achetant des actions (\u00e9galement appel\u00e9es actions) de la soci\u00e9t\u00e9. Il existe deux grandes cat\u00e9gories d'actions : les \u00ab communes \u00bb et les \u00ab pr\u00e9f\u00e9r\u00e9es \u00bb. \u00bb Ceux-ci sont d\u00e9crits plus en d\u00e9tail ci-dessous. Les actions sont n\u00e9goci\u00e9es en bourse ou sur des march\u00e9s de gr\u00e9 \u00e0 gr\u00e9. Les cours des actions et les rendements des actions fluctuent avec le march\u00e9, et il n'y a aucune garantie de revenu.<\/p>\r\n\r\n\r\n<p><strong>Actions ordinaires \/ Actions<\/strong><\/p>\r\n\r\n\r\n<ul>\r\n<li>Avec les actions ordinaires, les investisseurs ont g\u00e9n\u00e9ralement des droits de vote<\/li>\r\n<li>Les actions ordinaires sont g\u00e9n\u00e9ralement achet\u00e9es pour une appr\u00e9ciation potentielle du capital<\/li>\r\n<li>Si l'entreprise gagne de l'argent, les investisseurs partagent les b\u00e9n\u00e9fices ; si l'entreprise conna\u00eet une mauvaise ann\u00e9e ou si les march\u00e9s baissent, la valeur de leurs actions peut chuter et les dividendes sont peu probables<\/li>\r\n<li>Les actions de premier ordre sont g\u00e9n\u00e9ralement des actions de grandes soci\u00e9t\u00e9s stables et activement n\u00e9goci\u00e9es avec un historique de paiements de dividendes r\u00e9guliers<\/li>\r\n<li>Les Penny Stocks sont des actions ordinaires \u00e0 faible co\u00fbt (g\u00e9n\u00e9ralement moins de 1 $), g\u00e9n\u00e9ralement achet\u00e9es \u00e0 des fins sp\u00e9culatives et \u00e9mises par des soci\u00e9t\u00e9s en d\u00e9marrage ou non \u00e9prouv\u00e9es \u00e0 la recherche de capitaux pour leur expansion<\/li>\r\n<li>Les actions \u00e0 petite, moyenne et grande capitalisation sont le r\u00e9sultat d'entreprises de toutes tailles qui \u00e9mettent des actions ordinaires pour lever des fonds ; en g\u00e9n\u00e9ral, plus la soci\u00e9t\u00e9 est petite, plus le risque est \u00e9lev\u00e9<\/li>\r\n<\/ul>\r\n\r\n\r\n<p><strong>Actions privil\u00e9gi\u00e9es \/ Actions<\/strong><\/p>\r\n\r\n\r\n<ul>\r\n<li>Sont consid\u00e9r\u00e9s comme des investissements de type obligataire<\/li>\r\n<li>Normalement achet\u00e9 par des investisseurs qui veulent un flux r\u00e9gulier de dividendes, plut\u00f4t qu'une appr\u00e9ciation du capital<\/li>\r\n<li>Verser un dividende plus productif que les actions ordinaires<\/li>\r\n<li>Valeur et cours de l'action plus influenc\u00e9s par l'\u00e9volution des taux que par les r\u00e9sultats de l'entreprise<\/li>\r\n<li>Ne donnez g\u00e9n\u00e9ralement pas de droits de vote<\/li>\r\n<li>Ils sont pr\u00e9f\u00e9r\u00e9s parce que vous b\u00e9n\u00e9ficiez d'un droit pr\u00e9f\u00e9rentiel sur les actifs\/b\u00e9n\u00e9fices avant les actionnaires ordinaires<\/li>\r\n<\/ul>\r\n\r\n\r\n<h4>M\u00e9taux pr\u00e9cieux<\/h4>\r\n\r\n\r\n<ul>\r\n<li>Or, argent et autres m\u00e9taux pr\u00e9cieux<\/li>\r\n<li>D\u00e9tenu sous forme de lingots (le m\u00e9tal r\u00e9el) ou de certificats de propri\u00e9t\u00e9<\/li>\r\n<\/ul>\r\n\r\n\r\n<h4>Marchandises<\/h4>\r\n\r\n\r\n<ul>\r\n<li>Marchandises en vrac telles que les c\u00e9r\u00e9ales, les m\u00e9taux, le p\u00e9trole et les aliments<\/li>\r\n<li>N\u00e9goci\u00e9 sur les bourses de mati\u00e8res premi\u00e8res.<\/li>\r\n<\/ul>\r\n\r\n\r\n<h4>D\u00e9riv\u00e9s<\/h4>\r\n\r\n\r\n<ul>\r\n<li>Un titre dont la valeur d\u00e9pend de la valeur marchande d'autre chose, comme une action ou une marchandise<\/li>\r\n<li>Ce sont des investissements complexes utilis\u00e9s par des investisseurs avertis \u00e0 des fins sp\u00e9culatives ou pour aider \u00e0 g\u00e9rer les risques (comme couverture contre les conditions changeantes du march\u00e9)<\/li>\r\n<li>\u00ab Options \u00bb et \u00ab futures \u00bb sont des exemples de produits d\u00e9riv\u00e9s ; une option donne \u00e0 l'investisseur le droit d'acheter ou de vendre un titre sp\u00e9cifique \u00e0 un prix donn\u00e9 avant une date sp\u00e9cifi\u00e9e ; un contrat \u00e0 terme oblige l'investisseur \u00e0 acheter ou \u00e0 vendre un montant sp\u00e9cifi\u00e9 d'un actif \u00e0 un prix d\u00e9termin\u00e9 \u00e0 une certaine date<\/li>\r\n<\/ul>\r\n\r\n\r\n<h4>Fonds communs de placement<\/h4>\r\n\r\n\r\n<p>Un fonds commun de placement est un produit d'investissement - compos\u00e9 de plusieurs contributions d'investisseurs - dans lequel un gestionnaire de fonds professionnel investit dans une vari\u00e9t\u00e9 de titres. Ce pool de richesse peut \u00eatre investi dans un march\u00e9 ou un secteur g\u00e9ographique sp\u00e9cifique, dans des soci\u00e9t\u00e9s de premier ordre ou dans des actions de petites entreprises. Il existe \u00e9galement des fonds \u00ab verts \u00bb qui n'investissent que dans des entreprises respectueuses de l'environnement. Le gestionnaire surveille en permanence les investissements.<\/p>\r\n\r\n\r\n<p>\u00c9tant donn\u00e9 que les fonds communs de placement sont supervis\u00e9s par un gestionnaire, investir dans ces fonds \u00e9vite aux investisseurs individuels d'avoir \u00e0 rechercher et \u00e0 g\u00e9rer en permanence leurs propres investissements. Les fonds communs de placement sont \u00e9galement attrayants parce qu'ils :<\/p>\r\n\r\n\r\n<ul>\r\n<li>Offrir un acc\u00e8s \u00e0 un large \u00e9ventail d'investissements<\/li>\r\n<li>Sont largement disponibles (la plupart des institutions financi\u00e8res proposent un large assortiment)<\/li>\r\n<li>Sont faciles \u00e0 acheter (vous pouvez acheter des fonds communs de placement au moyen de retraits r\u00e9guliers de compte dans la plupart des institutions financi\u00e8res)<\/li>\r\n<li>Vous donner la possibilit\u00e9 d'avoir une \u00ab diversification instantan\u00e9e \u00bb<\/li>\r\n<\/ul>\r\n\r\n\r\n<p><strong>Frais<\/strong><br \/>Tous les fonds communs de placement facturent le ratio des frais de gestion (RFG), qui correspond au co\u00fbt annuel de gestion et d'exploitation du fonds. Mais il y a aussi d'autres frais. Il est important de se renseigner sur les frais qui incluent :<\/p>\r\n\r\n\r\n<ul>\r\n<li>Frais d'acquisition ou de cession (les OPC \u00ab no load \u00bb sont ceux qui ne facturent pas ces frais)<\/li>\r\n<li>Frais d'entr\u00e9e (ce \u00ab frais d'ouverture \u00bb est factur\u00e9 lorsque vous achetez un OPC)<\/li>\r\n<li>Frais de vente (ces \u00ab frais de sortie \u00bb sont factur\u00e9s lorsque vous vendez un OPC)<\/li>\r\n<\/ul>\r\n\r\n\r\n<h4>Immobilier<\/h4>\r\n\r\n\r\n<p>Certaines personnes investissent leur argent dans d'autres domaines d'investissement. L'un des plus courants est l'immobilier. Avec ce type d'investissement, les propri\u00e9taires peuvent \u00eatre en mesure de gagner des revenus locatifs et, en supposant que les prix de l'immobilier continuent d'augmenter, de voir leur investissement en capital s'appr\u00e9cier au fil du temps.<\/p>\r\n\r\n\r\n<p><strong>Fa\u00e7ons d'investir<\/strong><\/p>\r\n\r\n\r\n<ul>\r\n<li>Achetez une maison, habitez-la, passez \u00e9ventuellement du temps et de l'argent \u00e0 l'am\u00e9liorer et vendez-la plus tard \u00e0 profit<\/li>\r\n<li>Acheter un immeuble \u00e0 revenus (comme un immeuble \u00e0 appartements ou un immeuble commercial) et le louer<\/li>\r\n<li>Acheter un terrain et le conserver jusqu'\u00e0 ce qu'il prenne de la valeur<\/li>\r\n<\/ul>\r\n\r\n\r\n<p><strong>Avantages<\/strong><\/p>\r\n\r\n\r\n<ul>\r\n<li>Excellente protection contre l'inflation<\/li>\r\n<\/ul>\r\n\r\n\r\n<p><strong>D\u00e9savantages<\/strong><\/p>\r\n\r\n\r\n<ul>\r\n<li>Peut \u00eatre difficile \u00e0 convertir en esp\u00e8ces<\/li>\r\n<li>C'est un type d'investissement sp\u00e9cialis\u00e9 qui n\u00e9cessite une \u00e9tude et une connaissance du march\u00e9<\/li>\r\n<\/ul>\r\n\r\n\r\n<p><strong>Les gains en capital<\/strong><br \/>Si vous vous aventurez dans l'investissement immobilier, vous devez revoir le concept de plus-values.<\/p>\r\n\r\n\r\n<p>Les plus-values sont les b\u00e9n\u00e9fices r\u00e9alis\u00e9s lors de la vente d'une immobilisation telle qu'une action, une obligation ou un bien immobilier (si le bien immobilier n'est pas votre r\u00e9sidence principale). Si une action est achet\u00e9e \u00e0 26 $ et vendue \u00e0 30 $, il y a un gain en capital de 4 $. Ces b\u00e9n\u00e9fices sont \u00e0 imposition diff\u00e9r\u00e9e, ce qui signifie que vous n'avez pas \u00e0 payer l'imp\u00f4t sur eux jusqu'\u00e0 ce que l'actif soit vendu.<\/p>\r\n\r\n\r\n<p>En 2000, le gouvernement du Canada a r\u00e9duit le taux d'inclusion des gains en capital des trois quarts \u00e0 la moiti\u00e9. Le taux d'inclusion est la partie d'un gain en capital qui est assujettie \u00e0 l'imp\u00f4t sur le revenu. Par cons\u00e9quent, le taux d'imposition le plus \u00e9lev\u00e9 du Canada sur les gains en capital est maintenant inf\u00e9rieur d'environ deux points de pourcentage \u00e0 celui des \u00c9tats-Unis.<\/p>\r\n\r\n\r\n<p>Si vous achetez un bien dans le seul but de le louer (bien locatif), vous devrez payer un imp\u00f4t sur les plus-values s'il y a une plus-value sur le bien. Par exemple, si vous avez achet\u00e9 une propri\u00e9t\u00e9 pour 200 000 $ et qu'au moment de la vente, elle vaut 250 000 $, vous serez impos\u00e9 sur le gain de 50 000 $ sur la propri\u00e9t\u00e9. Si toutefois vous vendez votre r\u00e9sidence principale et r\u00e9alisez un profit sur la vente, vous ne serez pas assujetti \u00e0 l'imp\u00f4t sur les gains en capital.<\/p>\r\n\r\n\r\n<h4>Plans de retraite<\/h4>\r\n\r\n\r\n<p>\u00c9pargner en vue de la retraite consiste \u00e0 trouver un \u00e9quilibre entre ce dont vous avez besoin aujourd'hui et ce dont vous aurez besoin pour demain.<\/p>\r\n\r\n\r\n<p>Bien faire les choses commence par avoir un plan. Les Canadiens ont trois sources possibles de revenu de retraite \u00e0 consid\u00e9rer : les r\u00e9gimes de retraite parrain\u00e9s par l'employeur, les prestations gouvernementales et leurs propres \u00e9pargnes et investissements.<\/p>\r\n\r\n\r\n<p><strong>Ce qu'ils sont et comment ils fonctionnent<\/strong><\/p>\r\n\r\n\r\n<ul>\r\n<li>R\u00e9gimes qui aident les particuliers \u00e0 mettre de l'argent de c\u00f4t\u00e9 \u00e0 utiliser apr\u00e8s leur retraite<\/li>\r\n<li>L'imp\u00f4t f\u00e9d\u00e9ral sur le revenu n'est pas imm\u00e9diatement d\u00fb sur l'argent plac\u00e9 sur un compte de retraite ou sur les int\u00e9r\u00eats qu'il rapporte<\/li>\r\n<li>L'imp\u00f4t sur le revenu est pay\u00e9 lorsque l'argent est retir\u00e9<\/li>\r\n<li>Des frais de p\u00e9nalit\u00e9 s'appliquent si l'argent est retir\u00e9 avant l'\u00e2ge de la retraite<\/li>\r\n<li>Le revenu apr\u00e8s la retraite est g\u00e9n\u00e9ralement plus faible, donc le taux d'imposition est plus bas<\/li>\r\n<\/ul>\r\n\r\n\r\n<p><strong>Types de r\u00e9gimes de retraite<\/strong><\/p>\r\n\r\n\r\n<ul>\r\n<li>R\u00e9gimes de retraite parrain\u00e9s par l'employeur<\/li>\r\n<li>Pensions du gouvernement<\/li>\r\n<li>Votre propre \u00e9pargne et vos investissements<\/li>\r\n<\/ul>\r\n\r\n<!-- \/wp:code -->\t\t<\/div>\n\t\t\t\t<\/div>\n\t\t\t\t\t\t<\/div>\n\t\t\t\t\t<\/div>\n\t\t<\/div>\n\t\t\t\t\t\t\t\t<\/div>\n\t\t\t\t\t<\/div>\n\t\t<\/section>\n\t\t\t\t\t\t\t\t\t<\/div>\n\t\t\t<\/div>\n\t\t\t\t\t<\/div>\n\t\t","protected":false},"excerpt":{"rendered":"<p>Les investisseurs pr\u00eateurs, en effet, pr\u00eatent leur argent \u00e0 une institution en \u00e9change de paiements d&rsquo;int\u00e9r\u00eats. Ce \u00ab pr\u00eat \u00bb peut prendre la forme d&rsquo;une obligation, d&rsquo;un CPG ou d&rsquo;un bon du Tr\u00e9sor. Les investisseurs propri\u00e9taires deviennent en fait des propri\u00e9taires partiels des entreprises dans lesquelles ils investissent. A ce titre, ils per\u00e7oivent une partie &hellip;<\/p>\n<p class=\"read-more\"> <a class=\"\" href=\"https:\/\/courtiersexcellence.com\/fr\/options-dinvestissement\/\"> <span class=\"screen-reader-text\">Options d&rsquo;investissement<\/span> Lire la suite\u00a0\u00bb<\/a><\/p>\n","protected":false},"author":1,"featured_media":0,"parent":0,"menu_order":0,"comment_status":"closed","ping_status":"closed","template":"elementor_header_footer","meta":{"content-type":"","site-sidebar-layout":"no-sidebar","site-content-layout":"page-builder","ast-global-header-display":"","ast-main-header-display":"","ast-hfb-above-header-display":"","ast-hfb-below-header-display":"","ast-hfb-mobile-header-display":"","site-post-title":"disabled","ast-breadcrumbs-content":"","ast-featured-img":"disabled","footer-sml-layout":"","theme-transparent-header-meta":"default","adv-header-id-meta":"","stick-header-meta":"","header-above-stick-meta":"","header-main-stick-meta":"","header-below-stick-meta":"","footnotes":""},"class_list":["post-494","page","type-page","status-publish","hentry"],"uagb_featured_image_src":{"full":false,"thumbnail":false,"medium":false,"medium_large":false,"large":false,"1536x1536":false,"2048x2048":false,"trp-custom-language-flag":false},"uagb_author_info":{"display_name":"admin","author_link":"https:\/\/courtiersexcellence.com\/fr\/author\/admin\/"},"uagb_comment_info":0,"uagb_excerpt":"Les investisseurs pr\u00eateurs, en effet, pr\u00eatent leur argent \u00e0 une institution en \u00e9change de paiements d&rsquo;int\u00e9r\u00eats. Ce \u00ab pr\u00eat \u00bb peut prendre la forme d&rsquo;une obligation, d&rsquo;un CPG ou d&rsquo;un bon du Tr\u00e9sor. Les investisseurs propri\u00e9taires deviennent en fait des propri\u00e9taires partiels des entreprises dans lesquelles ils investissent. A ce titre, ils per\u00e7oivent une partie\u2026","_links":{"self":[{"href":"https:\/\/courtiersexcellence.com\/fr\/wp-json\/wp\/v2\/pages\/494","targetHints":{"allow":["GET"]}}],"collection":[{"href":"https:\/\/courtiersexcellence.com\/fr\/wp-json\/wp\/v2\/pages"}],"about":[{"href":"https:\/\/courtiersexcellence.com\/fr\/wp-json\/wp\/v2\/types\/page"}],"author":[{"embeddable":true,"href":"https:\/\/courtiersexcellence.com\/fr\/wp-json\/wp\/v2\/users\/1"}],"replies":[{"embeddable":true,"href":"https:\/\/courtiersexcellence.com\/fr\/wp-json\/wp\/v2\/comments?post=494"}],"version-history":[{"count":22,"href":"https:\/\/courtiersexcellence.com\/fr\/wp-json\/wp\/v2\/pages\/494\/revisions"}],"predecessor-version":[{"id":965,"href":"https:\/\/courtiersexcellence.com\/fr\/wp-json\/wp\/v2\/pages\/494\/revisions\/965"}],"wp:attachment":[{"href":"https:\/\/courtiersexcellence.com\/fr\/wp-json\/wp\/v2\/media?parent=494"}],"curies":[{"name":"wp","href":"https:\/\/api.w.org\/{rel}","templated":true}]}}