{"id":362,"date":"2019-03-24T01:35:05","date_gmt":"2019-03-24T01:35:05","guid":{"rendered":"http:\/\/courtiersexcellence.com\/?page_id=362"},"modified":"2023-02-03T11:13:40","modified_gmt":"2023-02-03T06:13:40","slug":"investisseurs","status":"publish","type":"page","link":"https:\/\/courtiersexcellence.com\/fr\/investisseurs\/","title":{"rendered":"Investisseurs"},"content":{"rendered":"\t\t<div data-elementor-type=\"wp-post\" data-elementor-id=\"362\" class=\"elementor elementor-362\">\n\t\t\t\t\t\t<div class=\"elementor-inner\">\n\t\t\t\t<div class=\"elementor-section-wrap\">\n\t\t\t\t\t\t\t\t\t<section class=\"elementor-section elementor-top-section elementor-element elementor-element-54f0b818 elementor-section-height-min-height elementor-section-content-middle elementor-section-boxed elementor-section-height-default elementor-section-items-middle\" data-id=\"54f0b818\" data-element_type=\"section\" data-settings=\"{&quot;background_background&quot;:&quot;classic&quot;}\">\n\t\t\t\t\t\t\t<div class=\"elementor-background-overlay\"><\/div>\n\t\t\t\t\t\t\t<div class=\"elementor-container elementor-column-gap-default\">\n\t\t\t\t\t\t\t<div class=\"elementor-row\">\n\t\t\t\t\t<div class=\"elementor-column elementor-col-100 elementor-top-column elementor-element elementor-element-7b090597\" data-id=\"7b090597\" data-element_type=\"column\">\n\t\t\t<div class=\"elementor-column-wrap elementor-element-populated\">\n\t\t\t\t\t\t\t<div class=\"elementor-widget-wrap\">\n\t\t\t\t\t\t<div class=\"elementor-element elementor-element-5e8798b2 elementor-widget elementor-widget-heading\" data-id=\"5e8798b2\" data-element_type=\"widget\" data-widget_type=\"heading.default\">\n\t\t\t\t<div class=\"elementor-widget-container\">\n\t\t\t<h2 class=\"elementor-heading-title elementor-size-default\">Options d'investissement<\/h2>\t\t<\/div>\n\t\t\t\t<\/div>\n\t\t\t\t<div class=\"elementor-element elementor-element-184ae354 elementor-widget elementor-widget-text-editor\" data-id=\"184ae354\" data-element_type=\"widget\" data-widget_type=\"text-editor.default\">\n\t\t\t\t<div class=\"elementor-widget-container\">\n\t\t\t\t\t\t\t\t<div class=\"elementor-text-editor elementor-clearfix\">\n\t\t\t\t<p>Il existe deux principaux types d&rsquo;investissements, le pr\u00eat et la propri\u00e9t\u00e9.<\/p><p>Lorsque vous choisissez un investissement pr\u00eateur, vous pr\u00eatez votre argent \u00e0 une institution, une entreprise ou un particulier. En \u00e9change de l&rsquo;utilisation de votre argent, vous recevrez des paiements d&rsquo;int\u00e9r\u00eats. Et \u00e0 la fin de la p\u00e9riode de pr\u00eat convenue, vous r\u00e9cup\u00e9rerez \u00e9galement votre investissement initial. Les investissements de pr\u00eat comprennent tout, du compte d&rsquo;\u00e9pargne aux obligations d&rsquo;\u00e9pargne du Canada, aux certificats de placement garanti et aux obligations de soci\u00e9t\u00e9s. En revanche, un investissement en propri\u00e9t\u00e9 signifie que vous devenez le propri\u00e9taire r\u00e9el \u2013 ou copropri\u00e9taire \u2013 de votre investissement. Les investissements en propri\u00e9t\u00e9 &#8211; \u00e9galement appel\u00e9s investissements en actions &#8211; comprennent l&rsquo;immobilier, les actions et l&rsquo;investissement dans une petite entreprise. Si l&rsquo;entreprise ou la propri\u00e9t\u00e9 sous-jacente prend de la valeur, la valeur de votre part augmentera \u00e9galement.<\/p>\t\t\t\t\t<\/div>\n\t\t\t\t\t\t<\/div>\n\t\t\t\t<\/div>\n\t\t\t\t<div class=\"elementor-element elementor-element-3d812aaf elementor-widget elementor-widget-button\" data-id=\"3d812aaf\" data-element_type=\"widget\" data-widget_type=\"button.default\">\n\t\t\t\t<div class=\"elementor-widget-container\">\n\t\t\t\t\t<div class=\"elementor-button-wrapper\">\n\t\t\t<a href=\"https:\/\/courtiersexcellence.com\/fr\/options-dinvestissement\/\" class=\"elementor-button-link elementor-button elementor-size-sm elementor-animation-grow\" role=\"button\">\n\t\t\t\t\t\t<span class=\"elementor-button-content-wrapper\">\n\t\t\t\t\t\t<span class=\"elementor-button-text\">en savoir plus<\/span>\n\t\t<\/span>\n\t\t\t\t\t<\/a>\n\t\t<\/div>\n\t\t\t\t<\/div>\n\t\t\t\t<\/div>\n\t\t\t\t\t\t<\/div>\n\t\t\t\t\t<\/div>\n\t\t<\/div>\n\t\t\t\t\t\t\t\t<\/div>\n\t\t\t\t\t<\/div>\n\t\t<\/section>\n\t\t\t\t\t\t\t\t\t<\/div>\n\t\t\t<\/div>\n\t\t\t\t\t<\/div>\n\t\t","protected":false},"excerpt":{"rendered":"<p>Options d&rsquo;investissement Il existe deux principaux types d&rsquo;investissements, le pr\u00eat et la propri\u00e9t\u00e9. Lorsque vous choisissez un investissement pr\u00eateur, vous pr\u00eatez votre argent \u00e0 une institution, une entreprise ou un particulier. En \u00e9change de l&rsquo;utilisation de votre argent, vous recevrez des paiements d&rsquo;int\u00e9r\u00eats. Et \u00e0 la fin de la p\u00e9riode de pr\u00eat convenue, vous r\u00e9cup\u00e9rerez &hellip;<\/p>\n<p class=\"read-more\"> <a class=\"\" href=\"https:\/\/courtiersexcellence.com\/fr\/investisseurs\/\"> <span class=\"screen-reader-text\">Investisseurs<\/span> Lire la suite\u00a0\u00bb<\/a><\/p>\n","protected":false},"author":1,"featured_media":0,"parent":0,"menu_order":0,"comment_status":"closed","ping_status":"closed","template":"","meta":{"content-type":"","site-sidebar-layout":"no-sidebar","site-content-layout":"page-builder","ast-global-header-display":"","ast-main-header-display":"","ast-hfb-above-header-display":"","ast-hfb-below-header-display":"","ast-hfb-mobile-header-display":"","site-post-title":"disabled","ast-breadcrumbs-content":"","ast-featured-img":"disabled","footer-sml-layout":"","theme-transparent-header-meta":"enabled","adv-header-id-meta":"","stick-header-meta":"","header-above-stick-meta":"","header-main-stick-meta":"","header-below-stick-meta":"","footnotes":""},"class_list":["post-362","page","type-page","status-publish","hentry"],"uagb_featured_image_src":{"full":false,"thumbnail":false,"medium":false,"medium_large":false,"large":false,"1536x1536":false,"2048x2048":false,"trp-custom-language-flag":false},"uagb_author_info":{"display_name":"admin","author_link":"https:\/\/courtiersexcellence.com\/fr\/author\/admin\/"},"uagb_comment_info":0,"uagb_excerpt":"Options d&rsquo;investissement Il existe deux principaux types d&rsquo;investissements, le pr\u00eat et la propri\u00e9t\u00e9. Lorsque vous choisissez un investissement pr\u00eateur, vous pr\u00eatez votre argent \u00e0 une institution, une entreprise ou un particulier. En \u00e9change de l&rsquo;utilisation de votre argent, vous recevrez des paiements d&rsquo;int\u00e9r\u00eats. Et \u00e0 la fin de la p\u00e9riode de pr\u00eat convenue, vous r\u00e9cup\u00e9rerez\u2026","_links":{"self":[{"href":"https:\/\/courtiersexcellence.com\/fr\/wp-json\/wp\/v2\/pages\/362","targetHints":{"allow":["GET"]}}],"collection":[{"href":"https:\/\/courtiersexcellence.com\/fr\/wp-json\/wp\/v2\/pages"}],"about":[{"href":"https:\/\/courtiersexcellence.com\/fr\/wp-json\/wp\/v2\/types\/page"}],"author":[{"embeddable":true,"href":"https:\/\/courtiersexcellence.com\/fr\/wp-json\/wp\/v2\/users\/1"}],"replies":[{"embeddable":true,"href":"https:\/\/courtiersexcellence.com\/fr\/wp-json\/wp\/v2\/comments?post=362"}],"version-history":[{"count":33,"href":"https:\/\/courtiersexcellence.com\/fr\/wp-json\/wp\/v2\/pages\/362\/revisions"}],"predecessor-version":[{"id":1224,"href":"https:\/\/courtiersexcellence.com\/fr\/wp-json\/wp\/v2\/pages\/362\/revisions\/1224"}],"wp:attachment":[{"href":"https:\/\/courtiersexcellence.com\/fr\/wp-json\/wp\/v2\/media?parent=362"}],"curies":[{"name":"wp","href":"https:\/\/api.w.org\/{rel}","templated":true}]}}