{"id":287,"date":"2018-11-27T09:16:54","date_gmt":"2018-11-27T04:16:54","guid":{"rendered":"https:\/\/websitedemos.net\/discover-outdoors\/?page_id=4"},"modified":"2021-09-22T10:42:31","modified_gmt":"2021-09-22T05:42:31","slug":"accueil","status":"publish","type":"page","link":"https:\/\/courtiersexcellence.com\/fr\/","title":{"rendered":"Accueil"},"content":{"rendered":"\t\t<div data-elementor-type=\"wp-post\" data-elementor-id=\"287\" class=\"elementor elementor-287\">\n\t\t\t\t\t\t<div class=\"elementor-inner\">\n\t\t\t\t<div class=\"elementor-section-wrap\">\n\t\t\t\t\t\t\t\t\t<section class=\"elementor-section elementor-top-section elementor-element elementor-element-c50838b elementor-section-boxed elementor-section-height-default elementor-section-height-default\" data-id=\"c50838b\" data-element_type=\"section\" data-settings=\"{&quot;background_background&quot;:&quot;classic&quot;}\">\n\t\t\t\t\t\t\t<div class=\"elementor-background-overlay\"><\/div>\n\t\t\t\t\t\t\t<div class=\"elementor-container elementor-column-gap-default\">\n\t\t\t\t\t\t\t<div class=\"elementor-row\">\n\t\t\t\t\t<div class=\"elementor-column elementor-col-33 elementor-top-column elementor-element elementor-element-2f84d6d\" data-id=\"2f84d6d\" data-element_type=\"column\">\n\t\t\t<div class=\"elementor-column-wrap\">\n\t\t\t\t\t\t\t<div class=\"elementor-widget-wrap\">\n\t\t\t\t\t\t\t\t<\/div>\n\t\t\t\t\t<\/div>\n\t\t<\/div>\n\t\t\t\t<div class=\"elementor-column elementor-col-33 elementor-top-column elementor-element elementor-element-55b0429\" data-id=\"55b0429\" data-element_type=\"column\">\n\t\t\t<div class=\"elementor-column-wrap elementor-element-populated\">\n\t\t\t\t\t\t\t<div class=\"elementor-widget-wrap\">\n\t\t\t\t\t\t<div class=\"elementor-element elementor-element-3428592 elementor-widget elementor-widget-heading\" data-id=\"3428592\" data-element_type=\"widget\" data-widget_type=\"heading.default\">\n\t\t\t\t<div class=\"elementor-widget-container\">\n\t\t\t<h4 class=\"elementor-heading-title elementor-size-default\">Il n'y a jamais eu de meilleur moment que maintenant pour vous trouver l'emplacement parfait<\/h4>\t\t<\/div>\n\t\t\t\t<\/div>\n\t\t\t\t<div class=\"elementor-element elementor-element-92570e2 elementor-widget-divider--view-line elementor-widget elementor-widget-divider\" data-id=\"92570e2\" data-element_type=\"widget\" data-widget_type=\"divider.default\">\n\t\t\t\t<div class=\"elementor-widget-container\">\n\t\t\t\t\t<div class=\"elementor-divider\">\n\t\t\t<span class=\"elementor-divider-separator\">\n\t\t\t\t\t\t<\/span>\n\t\t<\/div>\n\t\t\t\t<\/div>\n\t\t\t\t<\/div>\n\t\t\t\t<div class=\"elementor-element elementor-element-453e782 elementor-widget elementor-widget-heading\" data-id=\"453e782\" data-element_type=\"widget\" data-widget_type=\"heading.default\">\n\t\t\t\t<div class=\"elementor-widget-container\">\n\t\t\t<h1 class=\"elementor-heading-title elementor-size-default\">AU\u00a0DELA DE L'IMMOBILIER<\/h1>\t\t<\/div>\n\t\t\t\t<\/div>\n\t\t\t\t\t\t<\/div>\n\t\t\t\t\t<\/div>\n\t\t<\/div>\n\t\t\t\t<div class=\"elementor-column elementor-col-33 elementor-top-column elementor-element elementor-element-79b148e\" data-id=\"79b148e\" data-element_type=\"column\">\n\t\t\t<div class=\"elementor-column-wrap\">\n\t\t\t\t\t\t\t<div class=\"elementor-widget-wrap\">\n\t\t\t\t\t\t\t\t<\/div>\n\t\t\t\t\t<\/div>\n\t\t<\/div>\n\t\t\t\t\t\t\t\t<\/div>\n\t\t\t\t\t<\/div>\n\t\t<\/section>\n\t\t\t\t<section class=\"elementor-section elementor-top-section elementor-element elementor-element-01ffef0 elementor-section-boxed elementor-section-height-default elementor-section-height-default\" data-id=\"01ffef0\" data-element_type=\"section\">\n\t\t\t\t\t\t<div class=\"elementor-container elementor-column-gap-default\">\n\t\t\t\t\t\t\t<div class=\"elementor-row\">\n\t\t\t\t\t<div class=\"elementor-column elementor-col-100 elementor-top-column elementor-element elementor-element-0aa0836\" data-id=\"0aa0836\" data-element_type=\"column\">\n\t\t\t<div class=\"elementor-column-wrap elementor-element-populated\">\n\t\t\t\t\t\t\t<div class=\"elementor-widget-wrap\">\n\t\t\t\t\t\t<section class=\"elementor-section elementor-inner-section elementor-element elementor-element-66852a0 elementor-section-boxed elementor-section-height-default elementor-section-height-default\" data-id=\"66852a0\" data-element_type=\"section\">\n\t\t\t\t\t\t<div class=\"elementor-container elementor-column-gap-default\">\n\t\t\t\t\t\t\t<div class=\"elementor-row\">\n\t\t\t\t\t<div class=\"elementor-column elementor-col-33 elementor-inner-column elementor-element elementor-element-0304c3f\" data-id=\"0304c3f\" data-element_type=\"column\">\n\t\t\t<div class=\"elementor-column-wrap\">\n\t\t\t\t\t\t\t<div class=\"elementor-widget-wrap\">\n\t\t\t\t\t\t\t\t<\/div>\n\t\t\t\t\t<\/div>\n\t\t<\/div>\n\t\t\t\t<div class=\"elementor-column elementor-col-33 elementor-inner-column elementor-element elementor-element-56e7952\" data-id=\"56e7952\" data-element_type=\"column\">\n\t\t\t<div class=\"elementor-column-wrap elementor-element-populated\">\n\t\t\t\t\t\t\t<div class=\"elementor-widget-wrap\">\n\t\t\t\t\t\t<div class=\"elementor-element elementor-element-e5e7443 elementor-widget elementor-widget-heading\" data-id=\"e5e7443\" data-element_type=\"widget\" data-widget_type=\"heading.default\">\n\t\t\t\t<div class=\"elementor-widget-container\">\n\t\t\t<h2 class=\"elementor-heading-title elementor-size-default\">secteurs de l'immobilier\n<\/h2>\t\t<\/div>\n\t\t\t\t<\/div>\n\t\t\t\t\t\t<\/div>\n\t\t\t\t\t<\/div>\n\t\t<\/div>\n\t\t\t\t<div class=\"elementor-column elementor-col-33 elementor-inner-column elementor-element elementor-element-775de24\" data-id=\"775de24\" data-element_type=\"column\">\n\t\t\t<div class=\"elementor-column-wrap\">\n\t\t\t\t\t\t\t<div class=\"elementor-widget-wrap\">\n\t\t\t\t\t\t\t\t<\/div>\n\t\t\t\t\t<\/div>\n\t\t<\/div>\n\t\t\t\t\t\t\t\t<\/div>\n\t\t\t\t\t<\/div>\n\t\t<\/section>\n\t\t\t\t<section class=\"elementor-section elementor-inner-section elementor-element elementor-element-5415cda elementor-section-boxed elementor-section-height-default elementor-section-height-default\" data-id=\"5415cda\" data-element_type=\"section\">\n\t\t\t\t\t\t<div class=\"elementor-container elementor-column-gap-extended\">\n\t\t\t\t\t\t\t<div class=\"elementor-row\">\n\t\t\t\t\t<div class=\"elementor-column elementor-col-50 elementor-inner-column elementor-element elementor-element-2c614c4\" data-id=\"2c614c4\" data-element_type=\"column\">\n\t\t\t<div class=\"elementor-column-wrap elementor-element-populated\">\n\t\t\t\t\t\t\t<div class=\"elementor-widget-wrap\">\n\t\t\t\t\t\t<div class=\"elementor-element elementor-element-7da6c6c elementor-widget elementor-widget-image\" data-id=\"7da6c6c\" data-element_type=\"widget\" data-widget_type=\"image.default\">\n\t\t\t\t<div class=\"elementor-widget-container\">\n\t\t\t\t\t\t\t\t<div class=\"elementor-image\">\n\t\t\t\t\t\t\t\t\t\t\t\t<img loading=\"lazy\" decoding=\"async\" width=\"1024\" height=\"683\" src=\"https:\/\/courtiersexcellence.com\/fr\/wp-content\/uploads\/2019\/03\/shutterstock_189023420-1200-1024x683.jpg\" class=\"attachment-large size-large\" alt=\"\" srcset=\"https:\/\/courtiersexcellence.com\/fr\/wp-content\/uploads\/2019\/03\/shutterstock_189023420-1200-1024x683.jpg 1024w, https:\/\/courtiersexcellence.com\/fr\/wp-content\/uploads\/2019\/03\/shutterstock_189023420-1200-300x200.jpg 300w, https:\/\/courtiersexcellence.com\/fr\/wp-content\/uploads\/2019\/03\/shutterstock_189023420-1200-768x512.jpg 768w, https:\/\/courtiersexcellence.com\/fr\/wp-content\/uploads\/2019\/03\/shutterstock_189023420-1200.jpg 1200w\" sizes=\"auto, (max-width: 1024px) 100vw, 1024px\" \/>\t\t\t\t\t\t\t\t\t\t\t\t\t\t<\/div>\n\t\t\t\t\t\t<\/div>\n\t\t\t\t<\/div>\n\t\t\t\t<div class=\"elementor-element elementor-element-ba141ea elementor-position-left elementor-vertical-align-top elementor-widget elementor-widget-image-box\" data-id=\"ba141ea\" data-element_type=\"widget\" data-widget_type=\"image-box.default\">\n\t\t\t\t<div class=\"elementor-widget-container\">\n\t\t\t<div class=\"elementor-image-box-wrapper\"><div class=\"elementor-image-box-content\"><h5 class=\"elementor-image-box-title\">commerciale<\/h5><p class=\"elementor-image-box-description\">Demandez \u00e0 n'importe quel professionnel de l'immobilier quels sont les avantages d'investir dans l'immobilier commercial et vous d\u00e9clencherez probablement un monologue sur la fa\u00e7on dont ces propri\u00e9t\u00e9s sont une meilleure affaire que l'immobilier r\u00e9sidentiel. Les propri\u00e9taires d'immeubles commerciaux aiment les flux de tr\u00e9sorerie suppl\u00e9mentaires, les \u00e9conomies d'\u00e9chelle b\u00e9n\u00e9fiques, les r\u00e8gles du jeu relativement ouvertes, le march\u00e9 abondant pour les bons gestionnaires immobiliers abordables et les b\u00e9n\u00e9fices plus importants de l'immobilier commercial.\n<\/p><\/div><\/div>\t\t<\/div>\n\t\t\t\t<\/div>\n\t\t\t\t<div class=\"elementor-element elementor-element-e76ebe6 elementor-align-left elementor-widget elementor-widget-button\" data-id=\"e76ebe6\" data-element_type=\"widget\" data-widget_type=\"button.default\">\n\t\t\t\t<div class=\"elementor-widget-container\">\n\t\t\t\t\t<div class=\"elementor-button-wrapper\">\n\t\t\t<a href=\"https:\/\/courtiersexcellence.com\/fr\/propriete-commerciale\/\" class=\"elementor-button-link elementor-button elementor-size-sm\" role=\"button\">\n\t\t\t\t\t\t<span class=\"elementor-button-content-wrapper\">\n\t\t\t\t\t\t<span class=\"elementor-button-text\">en savoir plus<\/span>\n\t\t<\/span>\n\t\t\t\t\t<\/a>\n\t\t<\/div>\n\t\t\t\t<\/div>\n\t\t\t\t<\/div>\n\t\t\t\t\t\t<\/div>\n\t\t\t\t\t<\/div>\n\t\t<\/div>\n\t\t\t\t<div class=\"elementor-column elementor-col-50 elementor-inner-column elementor-element elementor-element-1aaf044\" data-id=\"1aaf044\" data-element_type=\"column\">\n\t\t\t<div class=\"elementor-column-wrap elementor-element-populated\">\n\t\t\t\t\t\t\t<div class=\"elementor-widget-wrap\">\n\t\t\t\t\t\t<div class=\"elementor-element elementor-element-0cc4d06 elementor-widget elementor-widget-image\" data-id=\"0cc4d06\" data-element_type=\"widget\" data-widget_type=\"image.default\">\n\t\t\t\t<div class=\"elementor-widget-container\">\n\t\t\t\t\t\t\t\t<div class=\"elementor-image\">\n\t\t\t\t\t\t\t\t\t\t\t\t<img loading=\"lazy\" decoding=\"async\" width=\"1024\" height=\"683\" src=\"https:\/\/courtiersexcellence.com\/fr\/wp-content\/uploads\/2019\/03\/Unique-Modern-House-Pictures-for-Home-Design-Ideas-or-Modern-House-Pictures-1024x683.jpg\" class=\"attachment-large size-large\" alt=\"\" srcset=\"https:\/\/courtiersexcellence.com\/fr\/wp-content\/uploads\/2019\/03\/Unique-Modern-House-Pictures-for-Home-Design-Ideas-or-Modern-House-Pictures-1024x683.jpg 1024w, https:\/\/courtiersexcellence.com\/fr\/wp-content\/uploads\/2019\/03\/Unique-Modern-House-Pictures-for-Home-Design-Ideas-or-Modern-House-Pictures-300x200.jpg 300w, https:\/\/courtiersexcellence.com\/fr\/wp-content\/uploads\/2019\/03\/Unique-Modern-House-Pictures-for-Home-Design-Ideas-or-Modern-House-Pictures-768x512.jpg 768w, https:\/\/courtiersexcellence.com\/fr\/wp-content\/uploads\/2019\/03\/Unique-Modern-House-Pictures-for-Home-Design-Ideas-or-Modern-House-Pictures.jpg 1920w\" sizes=\"auto, (max-width: 1024px) 100vw, 1024px\" \/>\t\t\t\t\t\t\t\t\t\t\t\t\t\t<\/div>\n\t\t\t\t\t\t<\/div>\n\t\t\t\t<\/div>\n\t\t\t\t<div class=\"elementor-element elementor-element-7c7a6b0 elementor-position-top elementor-vertical-align-top elementor-widget elementor-widget-image-box\" data-id=\"7c7a6b0\" data-element_type=\"widget\" data-widget_type=\"image-box.default\">\n\t\t\t\t<div class=\"elementor-widget-container\">\n\t\t\t<div class=\"elementor-image-box-wrapper\"><div class=\"elementor-image-box-content\"><h5 class=\"elementor-image-box-title\">r\u00e9sidentielle<\/h5><p class=\"elementor-image-box-description\">Le processus d'achat d'une maison peut sembler incroyablement stressant, que vous soyez un d\u00e9butant ou un v\u00e9t\u00e9ran chevronn\u00e9. Heureusement, vous pouvez trouver un courtier immobilier qui est pr\u00eat \u00e0 faire le gros du travail pour vous.<\/p><\/div><\/div>\t\t<\/div>\n\t\t\t\t<\/div>\n\t\t\t\t<div class=\"elementor-element elementor-element-874b8fb elementor-align-center elementor-widget elementor-widget-button\" data-id=\"874b8fb\" data-element_type=\"widget\" data-widget_type=\"button.default\">\n\t\t\t\t<div class=\"elementor-widget-container\">\n\t\t\t\t\t<div class=\"elementor-button-wrapper\">\n\t\t\t<a href=\"https:\/\/courtiersexcellence.com\/fr\/propriete-residentielle\/\" class=\"elementor-button-link elementor-button elementor-size-sm\" role=\"button\">\n\t\t\t\t\t\t<span class=\"elementor-button-content-wrapper\">\n\t\t\t\t\t\t<span class=\"elementor-button-text\">en savoir plus<\/span>\n\t\t<\/span>\n\t\t\t\t\t<\/a>\n\t\t<\/div>\n\t\t\t\t<\/div>\n\t\t\t\t<\/div>\n\t\t\t\t\t\t<\/div>\n\t\t\t\t\t<\/div>\n\t\t<\/div>\n\t\t\t\t\t\t\t\t<\/div>\n\t\t\t\t\t<\/div>\n\t\t<\/section>\n\t\t\t\t\t\t<\/div>\n\t\t\t\t\t<\/div>\n\t\t<\/div>\n\t\t\t\t\t\t\t\t<\/div>\n\t\t\t\t\t<\/div>\n\t\t<\/section>\n\t\t\t\t<section class=\"elementor-section elementor-top-section elementor-element elementor-element-c604d49 elementor-section-boxed elementor-section-height-default elementor-section-height-default\" data-id=\"c604d49\" data-element_type=\"section\" data-settings=\"{&quot;background_background&quot;:&quot;classic&quot;}\">\n\t\t\t\t\t\t<div class=\"elementor-container elementor-column-gap-default\">\n\t\t\t\t\t\t\t<div class=\"elementor-row\">\n\t\t\t\t\t<div class=\"elementor-column elementor-col-100 elementor-top-column elementor-element elementor-element-db54639\" data-id=\"db54639\" data-element_type=\"column\">\n\t\t\t<div class=\"elementor-column-wrap elementor-element-populated\">\n\t\t\t\t\t\t\t<div class=\"elementor-widget-wrap\">\n\t\t\t\t\t\t<section class=\"elementor-section elementor-inner-section elementor-element elementor-element-2decc38 elementor-section-boxed elementor-section-height-default elementor-section-height-default\" data-id=\"2decc38\" data-element_type=\"section\">\n\t\t\t\t\t\t<div class=\"elementor-container elementor-column-gap-default\">\n\t\t\t\t\t\t\t<div class=\"elementor-row\">\n\t\t\t\t\t<div class=\"elementor-column elementor-col-33 elementor-inner-column elementor-element elementor-element-30a546a\" data-id=\"30a546a\" data-element_type=\"column\">\n\t\t\t<div class=\"elementor-column-wrap elementor-element-populated\">\n\t\t\t\t\t\t\t<div class=\"elementor-widget-wrap\">\n\t\t\t\t\t\t<div class=\"elementor-element elementor-element-65ab451 elementor-widget elementor-widget-heading\" data-id=\"65ab451\" data-element_type=\"widget\" data-widget_type=\"heading.default\">\n\t\t\t\t<div class=\"elementor-widget-container\">\n\t\t\t<h2 class=\"elementor-heading-title elementor-size-default\">diff\u00e9rents mod\u00e8les \u00e9conomiques\n<\/h2>\t\t<\/div>\n\t\t\t\t<\/div>\n\t\t\t\t<div class=\"elementor-element elementor-element-c80b653 elementor-widget-divider--view-line elementor-widget elementor-widget-divider\" data-id=\"c80b653\" data-element_type=\"widget\" data-widget_type=\"divider.default\">\n\t\t\t\t<div class=\"elementor-widget-container\">\n\t\t\t\t\t<div class=\"elementor-divider\">\n\t\t\t<span class=\"elementor-divider-separator\">\n\t\t\t\t\t\t<\/span>\n\t\t<\/div>\n\t\t\t\t<\/div>\n\t\t\t\t<\/div>\n\t\t\t\t<div class=\"elementor-element elementor-element-b619695 elementor-widget elementor-widget-text-editor\" data-id=\"b619695\" data-element_type=\"widget\" data-widget_type=\"text-editor.default\">\n\t\t\t\t<div class=\"elementor-widget-container\">\n\t\t\t\t\t\t\t\t<div class=\"elementor-text-editor elementor-clearfix\">\n\t\t\t\t<p>Comprendre le probl\u00e8me que vous r\u00e9solvez pour vos clients est sans aucun doute le plus grand d\u00e9fi auquel vous serez confront\u00e9 lorsque vous d\u00e9marrerez une entreprise. Les clients doivent vouloir ce que vous vendez et votre produit doit r\u00e9soudre un probl\u00e8me r\u00e9el.<\/p><p>Mais s&rsquo;assurer que votre produit correspond aux besoins du march\u00e9 n&rsquo;est qu&rsquo;une partie du d\u00e9marrage d&rsquo;une entreprise prosp\u00e8re.<\/p><p>L&rsquo;autre ingr\u00e9dient cl\u00e9 est de d\u00e9terminer comment vous allez gagner de l&rsquo;argent. C&rsquo;est l\u00e0 que votre mod\u00e8le \u00e9conomique entre en jeu.<\/p>\t\t\t\t\t<\/div>\n\t\t\t\t\t\t<\/div>\n\t\t\t\t<\/div>\n\t\t\t\t<div class=\"elementor-element elementor-element-d7fa531 elementor-align-left elementor-mobile-align-center elementor-widget elementor-widget-button\" data-id=\"d7fa531\" data-element_type=\"widget\" data-widget_type=\"button.default\">\n\t\t\t\t<div class=\"elementor-widget-container\">\n\t\t\t\t\t<div class=\"elementor-button-wrapper\">\n\t\t\t<a href=\"https:\/\/courtiersexcellence.com\/fr\/entreprises\/\" class=\"elementor-button-link elementor-button elementor-size-sm\" role=\"button\">\n\t\t\t\t\t\t<span class=\"elementor-button-content-wrapper\">\n\t\t\t\t\t\t<span class=\"elementor-button-text\">en savoir plus<\/span>\n\t\t<\/span>\n\t\t\t\t\t<\/a>\n\t\t<\/div>\n\t\t\t\t<\/div>\n\t\t\t\t<\/div>\n\t\t\t\t\t\t<\/div>\n\t\t\t\t\t<\/div>\n\t\t<\/div>\n\t\t\t\t<div class=\"elementor-column elementor-col-33 elementor-inner-column elementor-element elementor-element-23b3343\" data-id=\"23b3343\" data-element_type=\"column\">\n\t\t\t<div class=\"elementor-column-wrap elementor-element-populated\">\n\t\t\t\t\t\t\t<div class=\"elementor-widget-wrap\">\n\t\t\t\t\t\t<div class=\"elementor-element elementor-element-4ceedfc elementor-widget elementor-widget-image\" data-id=\"4ceedfc\" data-element_type=\"widget\" data-widget_type=\"image.default\">\n\t\t\t\t<div class=\"elementor-widget-container\">\n\t\t\t\t\t\t\t\t<div class=\"elementor-image\">\n\t\t\t\t\t\t\t\t\t\t\t\t<img loading=\"lazy\" decoding=\"async\" width=\"1024\" height=\"599\" src=\"https:\/\/courtiersexcellence.com\/fr\/wp-content\/uploads\/2019\/03\/agreement-3489902_1920-1024x599.jpg\" class=\"attachment-large size-large\" alt=\"\" srcset=\"https:\/\/courtiersexcellence.com\/fr\/wp-content\/uploads\/2019\/03\/agreement-3489902_1920-1024x599.jpg 1024w, https:\/\/courtiersexcellence.com\/fr\/wp-content\/uploads\/2019\/03\/agreement-3489902_1920-300x176.jpg 300w, https:\/\/courtiersexcellence.com\/fr\/wp-content\/uploads\/2019\/03\/agreement-3489902_1920-768x450.jpg 768w, https:\/\/courtiersexcellence.com\/fr\/wp-content\/uploads\/2019\/03\/agreement-3489902_1920.jpg 1920w\" sizes=\"auto, (max-width: 1024px) 100vw, 1024px\" \/>\t\t\t\t\t\t\t\t\t\t\t\t\t\t<\/div>\n\t\t\t\t\t\t<\/div>\n\t\t\t\t<\/div>\n\t\t\t\t<div class=\"elementor-element elementor-element-08a284c elementor-widget elementor-widget-image\" data-id=\"08a284c\" data-element_type=\"widget\" data-widget_type=\"image.default\">\n\t\t\t\t<div class=\"elementor-widget-container\">\n\t\t\t\t\t\t\t\t<div class=\"elementor-image\">\n\t\t\t\t\t\t\t\t\t\t\t\t<img loading=\"lazy\" decoding=\"async\" width=\"900\" height=\"875\" src=\"https:\/\/courtiersexcellence.com\/fr\/wp-content\/uploads\/2019\/03\/EmpireTheHub_Vision_img01.jpg\" class=\"attachment-full size-full\" alt=\"\" srcset=\"https:\/\/courtiersexcellence.com\/fr\/wp-content\/uploads\/2019\/03\/EmpireTheHub_Vision_img01.jpg 900w, https:\/\/courtiersexcellence.com\/fr\/wp-content\/uploads\/2019\/03\/EmpireTheHub_Vision_img01-300x292.jpg 300w, https:\/\/courtiersexcellence.com\/fr\/wp-content\/uploads\/2019\/03\/EmpireTheHub_Vision_img01-768x747.jpg 768w\" sizes=\"auto, (max-width: 900px) 100vw, 900px\" \/>\t\t\t\t\t\t\t\t\t\t\t\t\t\t<\/div>\n\t\t\t\t\t\t<\/div>\n\t\t\t\t<\/div>\n\t\t\t\t\t\t<\/div>\n\t\t\t\t\t<\/div>\n\t\t<\/div>\n\t\t\t\t<div class=\"elementor-column elementor-col-33 elementor-inner-column elementor-element elementor-element-e531b1b\" data-id=\"e531b1b\" data-element_type=\"column\">\n\t\t\t<div class=\"elementor-column-wrap elementor-element-populated\">\n\t\t\t\t\t\t\t<div class=\"elementor-widget-wrap\">\n\t\t\t\t\t\t<div class=\"elementor-element elementor-element-1709558 elementor-widget elementor-widget-image\" data-id=\"1709558\" data-element_type=\"widget\" data-widget_type=\"image.default\">\n\t\t\t\t<div class=\"elementor-widget-container\">\n\t\t\t\t\t\t\t\t<div class=\"elementor-image\">\n\t\t\t\t\t\t\t\t\t\t\t\t<img loading=\"lazy\" decoding=\"async\" width=\"1316\" height=\"1316\" src=\"https:\/\/courtiersexcellence.com\/fr\/wp-content\/uploads\/2019\/03\/commercial-property-management1.jpg\" class=\"attachment-full size-full\" alt=\"\" srcset=\"https:\/\/courtiersexcellence.com\/fr\/wp-content\/uploads\/2019\/03\/commercial-property-management1.jpg 1316w, https:\/\/courtiersexcellence.com\/fr\/wp-content\/uploads\/2019\/03\/commercial-property-management1-150x150.jpg 150w, https:\/\/courtiersexcellence.com\/fr\/wp-content\/uploads\/2019\/03\/commercial-property-management1-300x300.jpg 300w, https:\/\/courtiersexcellence.com\/fr\/wp-content\/uploads\/2019\/03\/commercial-property-management1-768x768.jpg 768w, https:\/\/courtiersexcellence.com\/fr\/wp-content\/uploads\/2019\/03\/commercial-property-management1-1024x1024.jpg 1024w\" sizes=\"auto, (max-width: 1316px) 100vw, 1316px\" \/>\t\t\t\t\t\t\t\t\t\t\t\t\t\t<\/div>\n\t\t\t\t\t\t<\/div>\n\t\t\t\t<\/div>\n\t\t\t\t<div class=\"elementor-element elementor-element-82b71e9 elementor-hidden-phone elementor-widget elementor-widget-image\" data-id=\"82b71e9\" data-element_type=\"widget\" data-widget_type=\"image.default\">\n\t\t\t\t<div class=\"elementor-widget-container\">\n\t\t\t\t\t\t\t\t<div class=\"elementor-image\">\n\t\t\t\t\t\t\t\t\t\t\t\t<img loading=\"lazy\" decoding=\"async\" width=\"960\" height=\"733\" src=\"https:\/\/courtiersexcellence.com\/fr\/wp-content\/uploads\/2019\/03\/urbantoronto-2007-5724.jpg\" class=\"attachment-large size-large\" alt=\"\" srcset=\"https:\/\/courtiersexcellence.com\/fr\/wp-content\/uploads\/2019\/03\/urbantoronto-2007-5724.jpg 960w, https:\/\/courtiersexcellence.com\/fr\/wp-content\/uploads\/2019\/03\/urbantoronto-2007-5724-300x229.jpg 300w, https:\/\/courtiersexcellence.com\/fr\/wp-content\/uploads\/2019\/03\/urbantoronto-2007-5724-768x586.jpg 768w\" sizes=\"auto, (max-width: 960px) 100vw, 960px\" \/>\t\t\t\t\t\t\t\t\t\t\t\t\t\t<\/div>\n\t\t\t\t\t\t<\/div>\n\t\t\t\t<\/div>\n\t\t\t\t\t\t<\/div>\n\t\t\t\t\t<\/div>\n\t\t<\/div>\n\t\t\t\t\t\t\t\t<\/div>\n\t\t\t\t\t<\/div>\n\t\t<\/section>\n\t\t\t\t\t\t<\/div>\n\t\t\t\t\t<\/div>\n\t\t<\/div>\n\t\t\t\t\t\t\t\t<\/div>\n\t\t\t\t\t<\/div>\n\t\t<\/section>\n\t\t\t\t\t\t\t\t\t<\/div>\n\t\t\t<\/div>\n\t\t\t\t\t<\/div>\n\t\t","protected":false},"excerpt":{"rendered":"<p>Il n&rsquo;y a jamais eu de meilleur moment que maintenant pour vous trouver l&#8217;emplacement parfait AU\u00a0DELA DE L&rsquo;IMMOBILIER secteurs de l&rsquo;immobilier commerciale Demandez \u00e0 n&rsquo;importe quel professionnel de l&rsquo;immobilier quels sont les avantages d&rsquo;investir dans l&rsquo;immobilier commercial et vous d\u00e9clencherez probablement un monologue sur la fa\u00e7on dont ces propri\u00e9t\u00e9s sont une meilleure affaire que l&rsquo;immobilier &hellip;<\/p>\n<p class=\"read-more\"> <a class=\"\" href=\"https:\/\/courtiersexcellence.com\/fr\/\"> <span class=\"screen-reader-text\">Accueil<\/span> Lire la suite\u00a0\u00bb<\/a><\/p>\n","protected":false},"author":1,"featured_media":0,"parent":0,"menu_order":0,"comment_status":"closed","ping_status":"closed","template":"","meta":{"content-type":"","site-sidebar-layout":"no-sidebar","site-content-layout":"page-builder","ast-global-header-display":"","ast-main-header-display":"","ast-hfb-above-header-display":"","ast-hfb-below-header-display":"","ast-hfb-mobile-header-display":"","site-post-title":"disabled","ast-breadcrumbs-content":"","ast-featured-img":"disabled","footer-sml-layout":"","theme-transparent-header-meta":"enabled","adv-header-id-meta":"","stick-header-meta":"","header-above-stick-meta":"","header-main-stick-meta":"","header-below-stick-meta":"","footnotes":""},"class_list":["post-287","page","type-page","status-publish","hentry"],"uagb_featured_image_src":{"full":false,"thumbnail":false,"medium":false,"medium_large":false,"large":false,"1536x1536":false,"2048x2048":false,"trp-custom-language-flag":false},"uagb_author_info":{"display_name":"admin","author_link":"https:\/\/courtiersexcellence.com\/fr\/author\/admin\/"},"uagb_comment_info":0,"uagb_excerpt":"Il n&rsquo;y a jamais eu de meilleur moment que maintenant pour vous trouver l&#8217;emplacement parfait AU\u00a0DELA DE L&rsquo;IMMOBILIER secteurs de l&rsquo;immobilier commerciale Demandez \u00e0 n&rsquo;importe quel professionnel de l&rsquo;immobilier quels sont les avantages d&rsquo;investir dans l&rsquo;immobilier commercial et vous d\u00e9clencherez probablement un monologue sur la fa\u00e7on dont ces propri\u00e9t\u00e9s sont une meilleure affaire que l&rsquo;immobilier\u2026","_links":{"self":[{"href":"https:\/\/courtiersexcellence.com\/fr\/wp-json\/wp\/v2\/pages\/287","targetHints":{"allow":["GET"]}}],"collection":[{"href":"https:\/\/courtiersexcellence.com\/fr\/wp-json\/wp\/v2\/pages"}],"about":[{"href":"https:\/\/courtiersexcellence.com\/fr\/wp-json\/wp\/v2\/types\/page"}],"author":[{"embeddable":true,"href":"https:\/\/courtiersexcellence.com\/fr\/wp-json\/wp\/v2\/users\/1"}],"replies":[{"embeddable":true,"href":"https:\/\/courtiersexcellence.com\/fr\/wp-json\/wp\/v2\/comments?post=287"}],"version-history":[{"count":74,"href":"https:\/\/courtiersexcellence.com\/fr\/wp-json\/wp\/v2\/pages\/287\/revisions"}],"predecessor-version":[{"id":969,"href":"https:\/\/courtiersexcellence.com\/fr\/wp-json\/wp\/v2\/pages\/287\/revisions\/969"}],"wp:attachment":[{"href":"https:\/\/courtiersexcellence.com\/fr\/wp-json\/wp\/v2\/media?parent=287"}],"curies":[{"name":"wp","href":"https:\/\/api.w.org\/{rel}","templated":true}]}}